{"id":179,"date":"2024-01-04T11:52:39","date_gmt":"2024-01-04T10:52:39","guid":{"rendered":"https:\/\/fresquedulivre.org\/?page_id=179"},"modified":"2026-03-11T16:02:11","modified_gmt":"2026-03-11T15:02:11","slug":"le-projet","status":"publish","type":"page","link":"https:\/\/fresquedulivre.org\/index.php\/le-projet\/","title":{"rendered":"Qui sommes-nous"},"content":{"rendered":"\n<div class=\"wp-block-cover alignfull\" style=\"margin-top:0;margin-bottom:var(--wp--preset--spacing--50);padding-top:var(--wp--preset--spacing--70);padding-right:var(--wp--preset--spacing--50);padding-bottom:var(--wp--preset--spacing--70);padding-left:var(--wp--preset--spacing--50);min-height:200px;aspect-ratio:unset;\"><span aria-hidden=\"true\" class=\"wp-block-cover__background has-background-dim-100 has-background-dim\" style=\"background-color:#035063\"><\/span><div class=\"wp-block-cover__inner-container is-layout-constrained wp-container-core-cover-is-layout-49d219e7 wp-block-cover-is-layout-constrained\">\n<h1 class=\"wp-block-heading alignwide has-text-align-center has-white-color has-text-color has-link-color has-large-font-size wp-elements-07645755fb5445a49a4dd22be2eeb450\" style=\"font-style:normal;font-weight:500\">La Fresque du Livre a \u00e9t\u00e9 cr\u00e9\u00e9e en 2023, en r\u00e9ponse au constat que les professionnel\u00b7les du secteur manquaient de connaissances sur les enjeux \u00e9cologiques li\u00e9s \u00e0 leur activit\u00e9<\/h1>\n<\/div><\/div>\n\n\n\n<h1 class=\"wp-block-heading alignwide has-text-color has-link-color wp-elements-ca149bd1f104497b4b9f52fc4d120089\" style=\"color:#035063;margin-top:0;margin-bottom:0;padding-top:var(--wp--preset--spacing--70);padding-bottom:var(--wp--preset--spacing--70);padding-left:6rem;font-size:55px;font-style:normal;font-weight:600;line-height:1.2\">Les acteur\u00b7ices du projet<\/h1>\n\n\n\n<div class=\"wp-block-media-text is-stacked-on-mobile\" style=\"padding-top:0;grid-template-columns:25% auto\"><figure class=\"wp-block-media-text__media\"><img loading=\"lazy\" decoding=\"async\" width=\"490\" height=\"176\" src=\"https:\/\/fresquedulivre.org\/wp-content\/uploads\/2024\/01\/Image1.jpg\" alt=\"\" class=\"wp-image-206 size-full\" srcset=\"https:\/\/fresquedulivre.org\/wp-content\/uploads\/2024\/01\/Image1.jpg 490w, https:\/\/fresquedulivre.org\/wp-content\/uploads\/2024\/01\/Image1-300x108.jpg 300w\" sizes=\"auto, (max-width: 490px) 100vw, 490px\" \/><\/figure><div class=\"wp-block-media-text__content\">\n<p>R\u00e9seau de professionnel\u00b7les, p\u00e9pini\u00e8re d&rsquo;entreprises et organisme de formation certifi\u00e9 Qualiopi sp\u00e9cialis\u00e9 dans le secteur du livre, <a href=\"https:\/\/www.fontaineolivres.com\/\">Fontaine O Livres<\/a> a pour mission de <strong>d\u00e9velopper les comp\u00e9tences<\/strong> et les projets des acteur\u00b7ices de la fili\u00e8re. L&rsquo;association s&rsquo;est empar\u00e9e depuis plusieurs ann\u00e9es des questions li\u00e9es \u00e0 l&rsquo;\u00e9coconception et au cycle vertueux du livre.<\/p>\n<\/div><\/div>\n\n\n\n<div class=\"wp-block-media-text has-media-on-the-right is-stacked-on-mobile\" style=\"margin-top:0;margin-right:0;margin-bottom:0;margin-left:0;padding-top:var(--wp--preset--spacing--70);padding-bottom:var(--wp--preset--spacing--70);grid-template-columns:auto 25%\"><div class=\"wp-block-media-text__content\">\n<p>La maquette graphique ainsi que les illustrations pr\u00e9sentes sur les cartes de la Fresque du Livre ont \u00e9t\u00e9 con\u00e7ues par Vinciane Riverieulx de Varax, dans le cadre d&rsquo;un partenariat propos\u00e9 par Damien Laverdunt avec les \u00e9tudiant\u00b7es de <a href=\"https:\/\/www.dnmadegraphismesevres.fr\/\">DNMADe graphisme<\/a> du Lyc\u00e9e Jean-Pierre Vernant.<\/p>\n<\/div><figure class=\"wp-block-media-text__media\"><img loading=\"lazy\" decoding=\"async\" width=\"1024\" height=\"722\" src=\"https:\/\/fresquedulivre.org\/wp-content\/uploads\/2024\/01\/2_auteur-1024x722.png\" alt=\"\" class=\"wp-image-328 size-full\" srcset=\"https:\/\/fresquedulivre.org\/wp-content\/uploads\/2024\/01\/2_auteur-1024x722.png 1024w, https:\/\/fresquedulivre.org\/wp-content\/uploads\/2024\/01\/2_auteur-300x211.png 300w, https:\/\/fresquedulivre.org\/wp-content\/uploads\/2024\/01\/2_auteur-768x541.png 768w, https:\/\/fresquedulivre.org\/wp-content\/uploads\/2024\/01\/2_auteur-1536x1083.png 1536w, https:\/\/fresquedulivre.org\/wp-content\/uploads\/2024\/01\/2_auteur-2048x1444.png 2048w, https:\/\/fresquedulivre.org\/wp-content\/uploads\/2024\/01\/2_auteur-1568x1105.png 1568w\" sizes=\"auto, (max-width: 1024px) 100vw, 1024px\" \/><\/figure><\/div>\n\n\n\n<div class=\"wp-block-columns is-layout-flex wp-container-core-columns-is-layout-057008f9 wp-block-columns-is-layout-flex\" style=\"padding-right:0;padding-left:0\">\n<div class=\"wp-block-column is-layout-flow wp-block-column-is-layout-flow\">\n<p style=\"padding-left:0px\">\u00c9diteur et formateur RSE, sp\u00e9cialiste de l&rsquo;\u00e9co-socio-conception \u00e9ditoriale, <a data-type=\"URL\" data-id=\"https:\/\/www.linkedin.com\/in\/charles-h%C3%A9douin-977a19271\/\" href=\"https:\/\/www.linkedin.com\/in\/charles-h%C3%A9douin-977a19271\/\">Charles H\u00e9douin<\/a> a con\u00e7u la <strong>Fresque du Livre<\/strong> \u00e0 la suite de la co-cr\u00e9ation et du d\u00e9ploiement de nombreux ateliers de fresques (Climat, Publicit\u00e9, Marketing&#8230;). Retrouvez ci-dessous une interview qui pr\u00e9sente en quelques minutes le projet et ses enjeux. <\/p>\n<\/div>\n<\/div>\n\n\n\n<figure class=\"wp-block-embed is-type-video is-provider-youtube wp-block-embed-youtube wp-embed-aspect-16-9 wp-has-aspect-ratio\" style=\"margin-top:0;margin-bottom:0\"><div class=\"wp-block-embed__wrapper\">\n<div class=\"ast-oembed-container \" style=\"height: 100%;\"><iframe loading=\"lazy\" title=\"ITW la Fresque du Livre - Charles H\u00e9douin\" width=\"500\" height=\"281\" src=\"https:\/\/www.youtube.com\/embed\/wIYLdK8GGyQ?feature=oembed\" frameborder=\"0\" allow=\"accelerometer; autoplay; clipboard-write; encrypted-media; gyroscope; picture-in-picture; web-share\" referrerpolicy=\"strict-origin-when-cross-origin\" allowfullscreen><\/iframe><\/div>\n<\/div><\/figure>\n\n\n\n<div class=\"wp-block-cover alignwide\" style=\"margin-top:var(--wp--preset--spacing--70);margin-bottom:var(--wp--preset--spacing--60);padding-top:var(--wp--preset--spacing--40);padding-bottom:0;min-height:163px;aspect-ratio:unset;\"><span aria-hidden=\"true\" class=\"wp-block-cover__background has-background-dim-100 has-background-dim\" style=\"background-color:#035063\"><\/span><div class=\"wp-block-cover__inner-container is-layout-constrained wp-container-core-cover-is-layout-728abce7 wp-block-cover-is-layout-constrained\">\n<p class=\"has-text-align-center has-medium-font-size\" style=\"padding-top:0;padding-right:var(--wp--preset--spacing--80);padding-bottom:var(--wp--preset--spacing--40);padding-left:var(--wp--preset--spacing--80)\">La r\u00e9alisation de cette Fresque n\u2019aurait pas \u00e9t\u00e9 possible sans les professionnel\u00b7les du livre qui ont particip\u00e9 aux b\u00eata-tests, apportant leurs questions, leurs retours et leurs suggestions pour enrichir et affiner le projet ! <\/p>\n<\/div><\/div>\n\n\n\n<p class=\"has-medium-font-size\">Nous remercions toutes les personnes ayant particip\u00e9 \u00e0 ces ateliers pr\u00e9paratoires : <\/p>\n\n\n\n<div class=\"wp-block-columns alignwide is-layout-flex wp-container-core-columns-is-layout-28f84493 wp-block-columns-is-layout-flex\">\n<div class=\"wp-block-column is-layout-flow wp-block-column-is-layout-flow\">\n<ul style=\"line-height:0.4\" class=\"wp-block-list\">\n<li style=\"line-height:1.5\">Carine Fraszczak &#8211; <em>Garzon Diffusion Internationale<\/em><\/li>\n\n\n\n<li style=\"line-height:1.5\">Jos\u00e9e Cattin Kuster &#8211; <em>Interforum Suisse<\/em><\/li>\n\n\n\n<li style=\"line-height:1.5\">Luna Granada &#8211; <em>La t\u00eate ailleurs<\/em><\/li>\n\n\n\n<li style=\"line-height:1.5\">Pam\u00e9la Devineau &#8211; <em>Le bureau des acclimatations<\/em><\/li>\n\n\n\n<li style=\"line-height:1.5\">Soizic Cadio &#8211; <em>Bpi \u2022 Biblioth\u00e8que publique d&rsquo;information<\/em><\/li>\n\n\n\n<li style=\"line-height:1.5\">Laurence Cabrol Poutier &#8211; <em>Relations Libraires<\/em><\/li>\n\n\n\n<li style=\"line-height:1.5\">Karine Lanini &#8211; <em>Kalligram<\/em><\/li>\n\n\n\n<li style=\"line-height:1.5\">Beno\u00eet Moreau &#8211; <em>Ecograf<\/em><\/li>\n\n\n\n<li style=\"line-height:1.5\">Elsa Pierrot &#8211; <em>Paris Librairie<\/em><\/li>\n\n\n\n<li style=\"line-height:1.5\">Julie Rovero-Carrez &#8211; <em>My Fair Book<\/em><\/li>\n\n\n\n<li style=\"line-height:1.5\">Julie Auclair &#8211; <em>Biblioth\u00e8que Parmentier<\/em><\/li>\n\n\n\n<li style=\"line-height:1.5\">Juliette Jestaz &#8211; <em>Bis \u2022 Biblioth\u00e8que interuniversitaire de la Sorbonne<\/em><\/li>\n\n\n\n<li style=\"line-height:1.5\">M\u00e9lanie Cronier &#8211; <em>Mobilis Pays de la Loire<\/em><\/li>\n\n\n\n<li style=\"line-height:1.5\">Am\u00e9lie Muller &#8211; <em>Relation \u00e9diteurs-libraires<\/em><\/li>\n\n\n\n<li style=\"line-height:1.5\">\u00c9lisabeth Kovacs &#8211; <em>Foire du Livre de Bruxelles<\/em><\/li>\n\n\n\n<li style=\"line-height:1.5\">Ana\u00efs Massola &#8211; <em>Association pour l&rsquo;\u00e9cologie du livre<\/em><\/li>\n<\/ul>\n<\/div>\n\n\n\n<div class=\"wp-block-column is-layout-flow wp-block-column-is-layout-flow\">\n<ul class=\"wp-block-list\">\n<li style=\"line-height:1.5\">Louise Fauduet &#8211; <em>Biblioth\u00e8que historique de la Ville de Paris<\/em><\/li>\n\n\n\n<li style=\"line-height:1.5\">M\u00e9lanie Mazan &#8211; <em>Association pour l&rsquo;\u00e9cologie du livre<\/em><\/li>\n\n\n\n<li style=\"line-height:1.5\">Julie Curien &#8211; <em>Responsable commission Biblioth\u00e8ques Vertes de l&rsquo;ABF<\/em><\/li>\n\n\n\n<li style=\"line-height:1.5\">Delphine Halgand &#8211; <em>\u00c9ditions du quai Branly<\/em><\/li>\n\n\n\n<li style=\"line-height:1.5\">Laurence Hugues &#8211; <em>Alliance Internationale des \u00e9diteurs Ind\u00e9pendants<\/em><\/li>\n\n\n\n<li style=\"line-height:1.5\">Fanny Valembois &#8211; <em>The Shift Project<\/em><\/li>\n\n\n\n<li style=\"line-height:1.5\">Camille Poulain &#8211; <em>Atelier Lichen<\/em><\/li>\n\n\n\n<li style=\"line-height:1.5\">Florence Rodriguez &#8211; <em>Bpi \u2022 Biblioth\u00e8que publique d&rsquo;information<\/em><\/li>\n\n\n\n<li style=\"line-height:1.5\">Laura De Heredia &#8211; <em>Syndicat de la librairie fran\u00e7aise<\/em><\/li>\n\n\n\n<li style=\"line-height:1.5\">Mariam Pellicer &#8211; <em>Alliance Internationale des \u00e9diteurs Ind\u00e9pendants<\/em><\/li>\n\n\n\n<li style=\"line-height:1.5\">Nola Normand &#8211; <em>M\u00e9diath\u00e8que de Neuilly-sur-Seine<\/em><\/li>\n\n\n\n<li style=\"line-height:1.5\">Xavier Cazin &#8211; <em>Immat\u00e9riel.fr<\/em><\/li>\n\n\n\n<li style=\"line-height:1.5\">Laurence Braure &#8211; <em>Kellogg Company<\/em><\/li>\n<\/ul>\n<\/div>\n<\/div>\n","protected":false},"excerpt":{"rendered":"<p>Les acteur\u00b7ices du projet R\u00e9seau de professionnel\u00b7les, p\u00e9pini\u00e8re d&rsquo;entreprises et organisme de formation certifi\u00e9 Qualiopi sp\u00e9cialis\u00e9 dans le secteur du [&hellip;]<\/p>\n","protected":false},"author":1,"featured_media":0,"parent":0,"menu_order":0,"comment_status":"closed","ping_status":"closed","template":"","meta":{"site-sidebar-layout":"default","site-content-layout":"","ast-site-content-layout":"","site-content-style":"default","site-sidebar-style":"default","ast-global-header-display":"","ast-banner-title-visibility":"","ast-main-header-display":"","ast-hfb-above-header-display":"","ast-hfb-below-header-display":"","ast-hfb-mobile-header-display":"","site-post-title":"disabled","ast-breadcrumbs-content":"","ast-featured-img":"","footer-sml-layout":"","theme-transparent-header-meta":"","adv-header-id-meta":"","stick-header-meta":"","header-above-stick-meta":"","header-main-stick-meta":"","header-below-stick-meta":"","astra-migrate-meta-layouts":"default","ast-page-background-enabled":"default","ast-page-background-meta":{"desktop":{"background-color":"var(--ast-global-color-4)","background-image":"","background-repeat":"repeat","background-position":"center center","background-size":"auto","background-attachment":"scroll","background-type":"","background-media":"","overlay-type":"","overlay-color":"","overlay-gradient":""},"tablet":{"background-color":"","background-image":"","background-repeat":"repeat","background-position":"center center","background-size":"auto","background-attachment":"scroll","background-type":"","background-media":"","overlay-type":"","overlay-color":"","overlay-gradient":""},"mobile":{"background-color":"","background-image":"","background-repeat":"repeat","background-position":"center center","background-size":"auto","background-attachment":"scroll","background-type":"","background-media":"","overlay-type":"","overlay-color":"","overlay-gradient":""}},"ast-content-background-meta":{"desktop":{"background-color":"var(--ast-global-color-5)","background-image":"","background-repeat":"repeat","background-position":"center center","background-size":"auto","background-attachment":"scroll","background-type":"","background-media":"","overlay-type":"","overlay-color":"","overlay-gradient":""},"tablet":{"background-color":"var(--ast-global-color-5)","background-image":"","background-repeat":"repeat","background-position":"center center","background-size":"auto","background-attachment":"scroll","background-type":"","background-media":"","overlay-type":"","overlay-color":"","overlay-gradient":""},"mobile":{"background-color":"var(--ast-global-color-5)","background-image":"","background-repeat":"repeat","background-position":"center center","background-size":"auto","background-attachment":"scroll","background-type":"","background-media":"","overlay-type":"","overlay-color":"","overlay-gradient":""}},"footnotes":""},"class_list":["post-179","page","type-page","status-publish","hentry"],"yoast_head":"<!-- This site is optimized with the Yoast SEO plugin v22.6 - https:\/\/yoast.com\/wordpress\/plugins\/seo\/ -->\n<title>Qui sommes-nous -<\/title>\n<meta name=\"robots\" content=\"index, follow, max-snippet:-1, max-image-preview:large, max-video-preview:-1\" \/>\n<link rel=\"canonical\" href=\"https:\/\/fresquedulivre.org\/index.php\/le-projet\/\" \/>\n<meta property=\"og:locale\" content=\"fr_FR\" \/>\n<meta property=\"og:type\" content=\"article\" \/>\n<meta property=\"og:title\" content=\"Qui sommes-nous -\" \/>\n<meta property=\"og:description\" content=\"Les acteur\u00b7ices du projet R\u00e9seau de professionnel\u00b7les, p\u00e9pini\u00e8re d&rsquo;entreprises et organisme de formation certifi\u00e9 Qualiopi sp\u00e9cialis\u00e9 dans le secteur du [&hellip;]\" \/>\n<meta property=\"og:url\" content=\"https:\/\/fresquedulivre.org\/index.php\/le-projet\/\" \/>\n<meta property=\"article:modified_time\" content=\"2026-03-11T15:02:11+00:00\" \/>\n<meta property=\"og:image\" content=\"https:\/\/fresquedulivre.org\/wp-content\/uploads\/2024\/01\/Image1.jpg\" \/>\n<meta name=\"twitter:card\" content=\"summary_large_image\" \/>\n<meta name=\"twitter:label1\" content=\"Dur\u00e9e de lecture estim\u00e9e\" \/>\n\t<meta name=\"twitter:data1\" content=\"3 minutes\" \/>\n<script type=\"application\/ld+json\" class=\"yoast-schema-graph\">{\"@context\":\"https:\/\/schema.org\",\"@graph\":[{\"@type\":\"WebPage\",\"@id\":\"https:\/\/fresquedulivre.org\/index.php\/le-projet\/\",\"url\":\"https:\/\/fresquedulivre.org\/index.php\/le-projet\/\",\"name\":\"Qui sommes-nous -\",\"isPartOf\":{\"@id\":\"https:\/\/fresquedulivre.org\/#website\"},\"primaryImageOfPage\":{\"@id\":\"https:\/\/fresquedulivre.org\/index.php\/le-projet\/#primaryimage\"},\"image\":{\"@id\":\"https:\/\/fresquedulivre.org\/index.php\/le-projet\/#primaryimage\"},\"thumbnailUrl\":\"https:\/\/fresquedulivre.org\/wp-content\/uploads\/2024\/01\/Image1.jpg\",\"datePublished\":\"2024-01-04T10:52:39+00:00\",\"dateModified\":\"2026-03-11T15:02:11+00:00\",\"breadcrumb\":{\"@id\":\"https:\/\/fresquedulivre.org\/index.php\/le-projet\/#breadcrumb\"},\"inLanguage\":\"fr-FR\",\"potentialAction\":[{\"@type\":\"ReadAction\",\"target\":[\"https:\/\/fresquedulivre.org\/index.php\/le-projet\/\"]}]},{\"@type\":\"ImageObject\",\"inLanguage\":\"fr-FR\",\"@id\":\"https:\/\/fresquedulivre.org\/index.php\/le-projet\/#primaryimage\",\"url\":\"https:\/\/fresquedulivre.org\/wp-content\/uploads\/2024\/01\/Image1.jpg\",\"contentUrl\":\"https:\/\/fresquedulivre.org\/wp-content\/uploads\/2024\/01\/Image1.jpg\",\"width\":490,\"height\":176},{\"@type\":\"BreadcrumbList\",\"@id\":\"https:\/\/fresquedulivre.org\/index.php\/le-projet\/#breadcrumb\",\"itemListElement\":[{\"@type\":\"ListItem\",\"position\":1,\"name\":\"Home\",\"item\":\"https:\/\/fresquedulivre.org\/\"},{\"@type\":\"ListItem\",\"position\":2,\"name\":\"Qui sommes-nous\"}]},{\"@type\":\"WebSite\",\"@id\":\"https:\/\/fresquedulivre.org\/#website\",\"url\":\"https:\/\/fresquedulivre.org\/\",\"name\":\"La Fresque du Livre\",\"description\":\"\",\"publisher\":{\"@id\":\"https:\/\/fresquedulivre.org\/#organization\"},\"potentialAction\":[{\"@type\":\"SearchAction\",\"target\":{\"@type\":\"EntryPoint\",\"urlTemplate\":\"https:\/\/fresquedulivre.org\/?s={search_term_string}\"},\"query-input\":\"required name=search_term_string\"}],\"inLanguage\":\"fr-FR\"},{\"@type\":\"Organization\",\"@id\":\"https:\/\/fresquedulivre.org\/#organization\",\"name\":\"La Fresque du Livre\",\"url\":\"https:\/\/fresquedulivre.org\/\",\"logo\":{\"@type\":\"ImageObject\",\"inLanguage\":\"fr-FR\",\"@id\":\"https:\/\/fresquedulivre.org\/#\/schema\/logo\/image\/\",\"url\":\"https:\/\/fresquedulivre.org\/wp-content\/uploads\/2024\/01\/Logo-final_1.png\",\"contentUrl\":\"https:\/\/fresquedulivre.org\/wp-content\/uploads\/2024\/01\/Logo-final_1.png\",\"width\":949,\"height\":695,\"caption\":\"La Fresque du Livre\"},\"image\":{\"@id\":\"https:\/\/fresquedulivre.org\/#\/schema\/logo\/image\/\"},\"sameAs\":[\"https:\/\/www.linkedin.com\/company\/101128306\/admin\/feed\/posts\/\"]}]}<\/script>\n<!-- \/ Yoast SEO plugin. -->","yoast_head_json":{"title":"Qui sommes-nous -","robots":{"index":"index","follow":"follow","max-snippet":"max-snippet:-1","max-image-preview":"max-image-preview:large","max-video-preview":"max-video-preview:-1"},"canonical":"https:\/\/fresquedulivre.org\/index.php\/le-projet\/","og_locale":"fr_FR","og_type":"article","og_title":"Qui sommes-nous -","og_description":"Les acteur\u00b7ices du projet R\u00e9seau de professionnel\u00b7les, p\u00e9pini\u00e8re d&rsquo;entreprises et organisme de formation certifi\u00e9 Qualiopi sp\u00e9cialis\u00e9 dans le secteur du [&hellip;]","og_url":"https:\/\/fresquedulivre.org\/index.php\/le-projet\/","article_modified_time":"2026-03-11T15:02:11+00:00","og_image":[{"url":"https:\/\/fresquedulivre.org\/wp-content\/uploads\/2024\/01\/Image1.jpg"}],"twitter_card":"summary_large_image","twitter_misc":{"Dur\u00e9e de lecture estim\u00e9e":"3 minutes"},"schema":{"@context":"https:\/\/schema.org","@graph":[{"@type":"WebPage","@id":"https:\/\/fresquedulivre.org\/index.php\/le-projet\/","url":"https:\/\/fresquedulivre.org\/index.php\/le-projet\/","name":"Qui sommes-nous -","isPartOf":{"@id":"https:\/\/fresquedulivre.org\/#website"},"primaryImageOfPage":{"@id":"https:\/\/fresquedulivre.org\/index.php\/le-projet\/#primaryimage"},"image":{"@id":"https:\/\/fresquedulivre.org\/index.php\/le-projet\/#primaryimage"},"thumbnailUrl":"https:\/\/fresquedulivre.org\/wp-content\/uploads\/2024\/01\/Image1.jpg","datePublished":"2024-01-04T10:52:39+00:00","dateModified":"2026-03-11T15:02:11+00:00","breadcrumb":{"@id":"https:\/\/fresquedulivre.org\/index.php\/le-projet\/#breadcrumb"},"inLanguage":"fr-FR","potentialAction":[{"@type":"ReadAction","target":["https:\/\/fresquedulivre.org\/index.php\/le-projet\/"]}]},{"@type":"ImageObject","inLanguage":"fr-FR","@id":"https:\/\/fresquedulivre.org\/index.php\/le-projet\/#primaryimage","url":"https:\/\/fresquedulivre.org\/wp-content\/uploads\/2024\/01\/Image1.jpg","contentUrl":"https:\/\/fresquedulivre.org\/wp-content\/uploads\/2024\/01\/Image1.jpg","width":490,"height":176},{"@type":"BreadcrumbList","@id":"https:\/\/fresquedulivre.org\/index.php\/le-projet\/#breadcrumb","itemListElement":[{"@type":"ListItem","position":1,"name":"Home","item":"https:\/\/fresquedulivre.org\/"},{"@type":"ListItem","position":2,"name":"Qui sommes-nous"}]},{"@type":"WebSite","@id":"https:\/\/fresquedulivre.org\/#website","url":"https:\/\/fresquedulivre.org\/","name":"La Fresque du Livre","description":"","publisher":{"@id":"https:\/\/fresquedulivre.org\/#organization"},"potentialAction":[{"@type":"SearchAction","target":{"@type":"EntryPoint","urlTemplate":"https:\/\/fresquedulivre.org\/?s={search_term_string}"},"query-input":"required name=search_term_string"}],"inLanguage":"fr-FR"},{"@type":"Organization","@id":"https:\/\/fresquedulivre.org\/#organization","name":"La Fresque du Livre","url":"https:\/\/fresquedulivre.org\/","logo":{"@type":"ImageObject","inLanguage":"fr-FR","@id":"https:\/\/fresquedulivre.org\/#\/schema\/logo\/image\/","url":"https:\/\/fresquedulivre.org\/wp-content\/uploads\/2024\/01\/Logo-final_1.png","contentUrl":"https:\/\/fresquedulivre.org\/wp-content\/uploads\/2024\/01\/Logo-final_1.png","width":949,"height":695,"caption":"La Fresque du Livre"},"image":{"@id":"https:\/\/fresquedulivre.org\/#\/schema\/logo\/image\/"},"sameAs":["https:\/\/www.linkedin.com\/company\/101128306\/admin\/feed\/posts\/"]}]}},"_links":{"self":[{"href":"https:\/\/fresquedulivre.org\/index.php\/wp-json\/wp\/v2\/pages\/179","targetHints":{"allow":["GET"]}}],"collection":[{"href":"https:\/\/fresquedulivre.org\/index.php\/wp-json\/wp\/v2\/pages"}],"about":[{"href":"https:\/\/fresquedulivre.org\/index.php\/wp-json\/wp\/v2\/types\/page"}],"author":[{"embeddable":true,"href":"https:\/\/fresquedulivre.org\/index.php\/wp-json\/wp\/v2\/users\/1"}],"replies":[{"embeddable":true,"href":"https:\/\/fresquedulivre.org\/index.php\/wp-json\/wp\/v2\/comments?post=179"}],"version-history":[{"count":57,"href":"https:\/\/fresquedulivre.org\/index.php\/wp-json\/wp\/v2\/pages\/179\/revisions"}],"predecessor-version":[{"id":670,"href":"https:\/\/fresquedulivre.org\/index.php\/wp-json\/wp\/v2\/pages\/179\/revisions\/670"}],"wp:attachment":[{"href":"https:\/\/fresquedulivre.org\/index.php\/wp-json\/wp\/v2\/media?parent=179"}],"curies":[{"name":"wp","href":"https:\/\/api.w.org\/{rel}","templated":true}]}}