{"id":252,"date":"2024-01-09T15:57:24","date_gmt":"2024-01-09T14:57:24","guid":{"rendered":"http:\/\/fresquedulivre.org\/?page_id=252"},"modified":"2026-03-11T16:03:41","modified_gmt":"2026-03-11T15:03:41","slug":"devenir-animateur","status":"publish","type":"page","link":"https:\/\/fresquedulivre.org\/index.php\/devenir-animateur\/","title":{"rendered":"Devenir animateur\u00b7ice"},"content":{"rendered":"\n<div class=\"wp-block-cover alignfull\" style=\"margin-top:0;padding-top:var(--wp--preset--spacing--70);padding-bottom:var(--wp--preset--spacing--70);min-height:200px;aspect-ratio:unset;\"><span aria-hidden=\"true\" class=\"wp-block-cover__background has-background-dim-100 has-background-dim\" style=\"background-color:#035063\"><\/span><div class=\"wp-block-cover__inner-container is-layout-constrained wp-block-cover-is-layout-constrained\">\n<h2 class=\"wp-block-heading alignwide has-text-align-center has-white-color has-text-color has-link-color has-large-font-size wp-elements-75ca47e7e57c203e411b8aed8256f43e\" style=\"font-style:normal;font-weight:500;line-height:1.2\">Vous souhaitez vous impliquer dans ce projet et animer des ateliers de sensibilisation aux enjeux \u00e9cologiques du secteur du livre ?<\/h2>\n\n\n\n<h2 class=\"wp-block-heading alignwide has-text-align-center has-white-color has-text-color has-link-color has-large-font-size wp-elements-ced9ae6f384ee15b3b447465c6888b4b\" style=\"font-style:normal;font-weight:500;line-height:1.2\">Devenez animateur\u00b7ice de la Fresque du Livre !<\/h2>\n<\/div><\/div>\n\n\n\n<div class=\"wp-block-columns alignwide is-style-default is-layout-flex wp-container-core-columns-is-layout-a8854658 wp-block-columns-is-layout-flex\" style=\"padding-left:var(--wp--preset--spacing--50)\">\n<div class=\"wp-block-column is-layout-flow wp-block-column-is-layout-flow\" style=\"flex-basis:100%\">\n<h2 class=\"wp-block-heading has-text-color has-link-color wp-elements-207f112ca66126d6238c04c042c76317\" style=\"color:#035063;font-size:55px;line-height:1.2\">Objectifs<\/h2>\n\n\n\n<p>Nous proposons une <strong>formation certifi\u00e9e Qualiopi<\/strong> pour devenir <strong>animateur\u00b7rice de la Fresque du Livre<\/strong>. Cette formation permet de ma\u00eetriser les contenus et la m\u00e9thodologie de l\u2019atelier, de s\u2019approprier ses messages cl\u00e9s et d\u2019acqu\u00e9rir les comp\u00e9tences n\u00e9cessaires pour animer des \u00e9changes collectifs de mani\u00e8re dynamique, bienveillante et constructive. La formation \u00e0 l\u2019animation comprend l\u2019exp\u00e9rimentation compl\u00e8te d\u2019un atelier de la Fresque du Livre, suivie d\u2019une apr\u00e8s-midi d\u00e9di\u00e9e \u00e0 la formation \u00e0 l\u2019animation, anim\u00e9e par le concepteur de la Fresque. Un guide de l\u2019animation, ainsi qu\u2019un jeu de cartes, est remis \u00e0 chaque participant\u00b7e.<\/p>\n<\/div>\n<\/div>\n\n\n\n<div class=\"wp-block-columns alignwide is-style-default is-layout-flex wp-container-core-columns-is-layout-a8854658 wp-block-columns-is-layout-flex\" style=\"padding-left:var(--wp--preset--spacing--50)\">\n<div class=\"wp-block-column is-layout-flow wp-block-column-is-layout-flow\" style=\"flex-basis:100%\">\n<h2 class=\"wp-block-heading has-text-color has-link-color wp-elements-c54f3cf047238d241ab4709fa8dfd7fa\" style=\"color:#035063;font-size:55px;line-height:1.2\">Conditions<\/h2>\n\n\n\n<ul class=\"wp-block-list\">\n<li>Avoir particip\u00e9 \u00e0 une <a href=\"https:\/\/fresqueduclimat.org\/\">Fresque du Climat<\/a> compl\u00e8te<\/li>\n\n\n\n<li>Avoir suivi une formation \u00e0 l&rsquo;animation de la <a href=\"https:\/\/fresqueduclimat.org\/\">Fresque du Climat<\/a><\/li>\n\n\n\n<li>Avoir anim\u00e9 au moins 1 <a href=\"https:\/\/fresqueduclimat.org\/\">Fresque du Climat<\/a><\/li>\n\n\n\n<li>Avoir particip\u00e9 \u00e0 une Fresque du Livre compl\u00e8te<\/li>\n\n\n\n<li>Avoir suivi une formation \u00e0 l&rsquo;animation de la Fresque du Livre<\/li>\n\n\n\n<li>Avoir anim\u00e9 au moins 1 Fresque du Livre (dans un cadre non-commercial et\/ou en entreprise avec un\u00b7e superviseur\u00b7euse agr\u00e9\u00e9\u00b7e)<\/li>\n\n\n\n<li>S&rsquo;engager \u00e0 ce que les droits d&rsquo;utilisation li\u00e9s \u00e0 l&rsquo;exploitation de la fresque soient revers\u00e9s \u00e0 l&rsquo;association Fontaine O Livres<\/li>\n<\/ul>\n<\/div>\n<\/div>\n\n\n\n<div class=\"wp-block-columns alignwide is-layout-flex wp-container-core-columns-is-layout-28f84493 wp-block-columns-is-layout-flex\">\n<div class=\"wp-block-column is-layout-flow wp-block-column-is-layout-flow\" style=\"flex-basis:100%\">\n<h2 class=\"wp-block-heading has-text-color has-link-color wp-elements-df6f3314dc53623e1ab402b56a189e79\" style=\"color:#035063;font-size:55px;line-height:1.2\">Co\u00fbt de la formation<\/h2>\n\n\n\n<ul class=\"wp-block-list\">\n<li>360 \u20ac HT\/personne pour un financement personnel<\/li>\n\n\n\n<li>500 \u20ac HT\/personne pour un financement par une entreprise ou une prise en charge par un organisme financeur<\/li>\n<\/ul>\n<\/div>\n<\/div>\n\n\n\n<hr class=\"wp-block-separator has-text-color has-alpha-channel-opacity has-background\" style=\"background-color:#035063;color:#035063\"\/>\n\n\n\n<div class=\"wp-block-columns alignwide is-layout-flex wp-container-core-columns-is-layout-28f84493 wp-block-columns-is-layout-flex\">\n<div class=\"wp-block-column is-layout-flow wp-block-column-is-layout-flow\" style=\"flex-basis:33.33%\">\n<figure class=\"wp-block-image size-large is-resized\"><img loading=\"lazy\" decoding=\"async\" width=\"1024\" height=\"945\" src=\"https:\/\/fresquedulivre.org\/wp-content\/uploads\/2024\/01\/4_Conception-editoriale-2-1-1024x945.png\" alt=\"\" class=\"wp-image-332\" style=\"width:276px;height:auto\" srcset=\"https:\/\/fresquedulivre.org\/wp-content\/uploads\/2024\/01\/4_Conception-editoriale-2-1-1024x945.png 1024w, https:\/\/fresquedulivre.org\/wp-content\/uploads\/2024\/01\/4_Conception-editoriale-2-1-300x277.png 300w, https:\/\/fresquedulivre.org\/wp-content\/uploads\/2024\/01\/4_Conception-editoriale-2-1-768x709.png 768w, https:\/\/fresquedulivre.org\/wp-content\/uploads\/2024\/01\/4_Conception-editoriale-2-1.png 1030w\" sizes=\"auto, (max-width: 1024px) 100vw, 1024px\" \/><\/figure>\n<\/div>\n\n\n\n<div class=\"wp-block-column is-layout-flow wp-block-column-is-layout-flow\" style=\"flex-basis:66.66%\">\n<h2 class=\"wp-block-heading\" style=\"font-size:55px;line-height:1.2\">Obtenir des cartes<\/h2>\n\n\n\n<p>Commandez les cartes de la Fresque du Livre pour animer vos sessions !<br>La commande d&rsquo;un jeu de cartes est r\u00e9serv\u00e9e aux animateur\u00b7ices de la Fresque. <br>Un jeu de cartes r\u00e9utilisable co\u00fbte 25 \u20ac HT (hors frais de port).<br><\/p>\n\n\n\n<div class=\"wp-block-buttons is-horizontal is-content-justification-left is-layout-flex wp-container-core-buttons-is-layout-20be11b6 wp-block-buttons-is-layout-flex\">\n<div class=\"wp-block-button is-style-fill\" id=\"formations@fontaineolivres.com\"><a class=\"wp-block-button__link has-background has-medium-font-size has-text-align-center has-custom-font-size wp-element-button\" href=\"https:\/\/forms.gle\/jiBzCAnVdhLM4Znt8\" style=\"background-color:#035063\" target=\"_blank\" rel=\"noreferrer noopener\">Commander<\/a><\/div>\n<\/div>\n<\/div>\n<\/div>\n\n\n\n<div style=\"height:57px\" aria-hidden=\"true\" class=\"wp-block-spacer\"><\/div>\n\n\n\n<div class=\"wp-block-columns alignwide is-layout-flex wp-container-core-columns-is-layout-28f84493 wp-block-columns-is-layout-flex\">\n<div class=\"wp-block-column is-layout-flow wp-block-column-is-layout-flow\">\n<h2 class=\"wp-block-heading has-text-color has-link-color wp-elements-a5f461405588ac09ca78ed926a337d87\" style=\"color:#035063;font-size:55px;line-height:1.2\">La licence d&rsquo;utilisation<\/h2>\n\n\n\n<div class=\"wp-block-columns is-layout-flex wp-container-core-columns-is-layout-28f84493 wp-block-columns-is-layout-flex\">\n<div class=\"wp-block-column is-layout-flow wp-block-column-is-layout-flow\">\n<h2 class=\"wp-block-heading has-ast-global-color-3-color has-text-color has-link-color has-large-font-size wp-elements-4caec828366ca1800698f5ec9201a48c\" style=\"text-transform:uppercase\">Licence d&rsquo;usage gratuit<\/h2>\n\n\n\n<p>La Fresque du Livre est libre d\u2019usage, dans le respect de certaines conditions.<\/p>\n\n\n\n<p>Si la session est r\u00e9alis\u00e9e par un\u00b7e formateur\u00b7ice de mani\u00e8re b\u00e9n\u00e9vole, dans un cadre associatif ou public :<\/p>\n\n\n\n<ul class=\"wp-block-list\">\n<li>Dans le cadre d&rsquo;un usage destin\u00e9 au grand public lors d&rsquo;un \u00e9v\u00e9nement gratuit<\/li>\n\n\n\n<li>Dans le cadre d&rsquo;un module dispens\u00e9 dans l&rsquo;enseignement public<\/li>\n<\/ul>\n<\/div>\n\n\n\n<div class=\"wp-block-column is-layout-flow wp-block-column-is-layout-flow\">\n<h2 class=\"wp-block-heading has-ast-global-color-3-color has-text-color has-link-color has-large-font-size wp-elements-8140a040a6836a88030f57af1e696ea6\" style=\"text-transform:uppercase\">Licence d&rsquo;usage payant<\/h2>\n\n\n\n<p>Pour tous les autres contextes, notamment dans un cadre interne d&rsquo;entreprise, la personne animatrice devra s&rsquo;acquitter des frais d&rsquo;utilisation \u00e0 la hauteur de 15 \u20ac HT par participant\u00b7e \u00e0 la Fresque.<\/p>\n<\/div>\n<\/div>\n<\/div>\n<\/div>\n\n\n\n<div class=\"wp-block-columns alignwide is-layout-flex wp-container-core-columns-is-layout-28f84493 wp-block-columns-is-layout-flex\">\n<div class=\"wp-block-column is-layout-flow wp-block-column-is-layout-flow\" style=\"flex-basis:66.66%\">\n<h2 class=\"wp-block-heading has-text-color has-link-color wp-elements-59d8ec0e22b7c22a679f73773e5ec569\" style=\"color:#035063;font-size:55px;line-height:1.2\">D\u00e9clarer une Fresque du Livre<\/h2>\n\n\n\n<p>Dans le cadre de l&rsquo;organisation d&rsquo;une session de la Fresque du Livre (hors licence d&rsquo;utilisation gratuite), l&rsquo;animateur\u00b7ice doit s&rsquo;acquitter des droits d&rsquo;utilisation d&rsquo;un montant de 15 \u20ac TTC par participant\u00b7e aupr\u00e8s de Fontaine O Livres. <\/p>\n\n\n\n<p>Les droits d&rsquo;utilisation r\u00e9colt\u00e9s servent au bon fonctionnement de la Fresque du Livre : h\u00e9bergement et maintenance du site internet, \u00e9dition, impression et mise \u00e0 jour des cartes, participation aux \u00e9v\u00e9nements promotionnels pertinents&#8230; <\/p>\n\n\n\n<p>Contactez-nous pour d\u00e9clarer vos droits d&rsquo;utilisation et obtenir une facture. <\/p>\n\n\n\n<div class=\"wp-block-buttons is-layout-flex wp-block-buttons-is-layout-flex\">\n<div class=\"wp-block-button\"><a class=\"wp-block-button__link has-background has-medium-font-size has-custom-font-size wp-element-button\" href=\"https:\/\/forms.gle\/eF6vQquMXgFmvM9r8\" style=\"background-color:#035063\" target=\"_blank\" rel=\"noreferrer noopener\">D\u00e9clarer une session<\/a><\/div>\n<\/div>\n<\/div>\n\n\n\n<div class=\"wp-block-column is-layout-flow wp-block-column-is-layout-flow\" style=\"flex-basis:33.33%\">\n<figure class=\"wp-block-image size-large is-resized\"><img loading=\"lazy\" decoding=\"async\" width=\"1024\" height=\"722\" src=\"https:\/\/fresquedulivre.org\/wp-content\/uploads\/2024\/01\/27_Legislation-1024x722.png\" alt=\"\" class=\"wp-image-247\" style=\"width:400px;height:auto\" srcset=\"https:\/\/fresquedulivre.org\/wp-content\/uploads\/2024\/01\/27_Legislation-1024x722.png 1024w, https:\/\/fresquedulivre.org\/wp-content\/uploads\/2024\/01\/27_Legislation-300x211.png 300w, https:\/\/fresquedulivre.org\/wp-content\/uploads\/2024\/01\/27_Legislation-768x541.png 768w, https:\/\/fresquedulivre.org\/wp-content\/uploads\/2024\/01\/27_Legislation-1536x1083.png 1536w, https:\/\/fresquedulivre.org\/wp-content\/uploads\/2024\/01\/27_Legislation-2048x1444.png 2048w, https:\/\/fresquedulivre.org\/wp-content\/uploads\/2024\/01\/27_Legislation-1568x1105.png 1568w\" sizes=\"auto, (max-width: 1024px) 100vw, 1024px\" \/><\/figure>\n<\/div>\n<\/div>\n\n\n\n<div style=\"height:57px\" aria-hidden=\"true\" class=\"wp-block-spacer\"><\/div>\n","protected":false},"excerpt":{"rendered":"<p>Objectifs Nous proposons une formation certifi\u00e9e Qualiopi pour devenir animateur\u00b7rice de la Fresque du Livre. Cette formation permet de ma\u00eetriser [&hellip;]<\/p>\n","protected":false},"author":1,"featured_media":0,"parent":0,"menu_order":0,"comment_status":"closed","ping_status":"closed","template":"","meta":{"site-sidebar-layout":"default","site-content-layout":"","ast-site-content-layout":"","site-content-style":"default","site-sidebar-style":"default","ast-global-header-display":"","ast-banner-title-visibility":"","ast-main-header-display":"","ast-hfb-above-header-display":"","ast-hfb-below-header-display":"","ast-hfb-mobile-header-display":"","site-post-title":"disabled","ast-breadcrumbs-content":"","ast-featured-img":"","footer-sml-layout":"","theme-transparent-header-meta":"","adv-header-id-meta":"","stick-header-meta":"","header-above-stick-meta":"","header-main-stick-meta":"","header-below-stick-meta":"","astra-migrate-meta-layouts":"default","ast-page-background-enabled":"default","ast-page-background-meta":{"desktop":{"background-color":"var(--ast-global-color-4)","background-image":"","background-repeat":"repeat","background-position":"center center","background-size":"auto","background-attachment":"scroll","background-type":"","background-media":"","overlay-type":"","overlay-color":"","overlay-gradient":""},"tablet":{"background-color":"","background-image":"","background-repeat":"repeat","background-position":"center center","background-size":"auto","background-attachment":"scroll","background-type":"","background-media":"","overlay-type":"","overlay-color":"","overlay-gradient":""},"mobile":{"background-color":"","background-image":"","background-repeat":"repeat","background-position":"center center","background-size":"auto","background-attachment":"scroll","background-type":"","background-media":"","overlay-type":"","overlay-color":"","overlay-gradient":""}},"ast-content-background-meta":{"desktop":{"background-color":"var(--ast-global-color-5)","background-image":"","background-repeat":"repeat","background-position":"center center","background-size":"auto","background-attachment":"scroll","background-type":"","background-media":"","overlay-type":"","overlay-color":"","overlay-gradient":""},"tablet":{"background-color":"var(--ast-global-color-5)","background-image":"","background-repeat":"repeat","background-position":"center center","background-size":"auto","background-attachment":"scroll","background-type":"","background-media":"","overlay-type":"","overlay-color":"","overlay-gradient":""},"mobile":{"background-color":"var(--ast-global-color-5)","background-image":"","background-repeat":"repeat","background-position":"center center","background-size":"auto","background-attachment":"scroll","background-type":"","background-media":"","overlay-type":"","overlay-color":"","overlay-gradient":""}},"footnotes":""},"class_list":["post-252","page","type-page","status-publish","hentry"],"yoast_head":"<!-- This site is optimized with the Yoast SEO plugin v22.6 - https:\/\/yoast.com\/wordpress\/plugins\/seo\/ -->\n<title>Devenir animateur\u00b7ice -<\/title>\n<meta name=\"robots\" content=\"index, follow, max-snippet:-1, max-image-preview:large, max-video-preview:-1\" \/>\n<link rel=\"canonical\" href=\"https:\/\/fresquedulivre.org\/index.php\/devenir-animateur\/\" \/>\n<meta property=\"og:locale\" content=\"fr_FR\" \/>\n<meta property=\"og:type\" content=\"article\" \/>\n<meta property=\"og:title\" content=\"Devenir animateur\u00b7ice -\" \/>\n<meta property=\"og:description\" content=\"Objectifs Nous proposons une formation certifi\u00e9e Qualiopi pour devenir animateur\u00b7rice de la Fresque du Livre. Cette formation permet de ma\u00eetriser [&hellip;]\" \/>\n<meta property=\"og:url\" content=\"https:\/\/fresquedulivre.org\/index.php\/devenir-animateur\/\" \/>\n<meta property=\"article:modified_time\" content=\"2026-03-11T15:03:41+00:00\" \/>\n<meta property=\"og:image\" content=\"http:\/\/fresquedulivre.org\/wp-content\/uploads\/2024\/01\/4_Conception-editoriale-2-1-1024x945.png\" \/>\n<meta name=\"twitter:card\" content=\"summary_large_image\" \/>\n<meta name=\"twitter:label1\" content=\"Dur\u00e9e de lecture estim\u00e9e\" \/>\n\t<meta name=\"twitter:data1\" content=\"3 minutes\" \/>\n<script type=\"application\/ld+json\" class=\"yoast-schema-graph\">{\"@context\":\"https:\/\/schema.org\",\"@graph\":[{\"@type\":\"WebPage\",\"@id\":\"https:\/\/fresquedulivre.org\/index.php\/devenir-animateur\/\",\"url\":\"https:\/\/fresquedulivre.org\/index.php\/devenir-animateur\/\",\"name\":\"Devenir animateur\u00b7ice -\",\"isPartOf\":{\"@id\":\"https:\/\/fresquedulivre.org\/#website\"},\"primaryImageOfPage\":{\"@id\":\"https:\/\/fresquedulivre.org\/index.php\/devenir-animateur\/#primaryimage\"},\"image\":{\"@id\":\"https:\/\/fresquedulivre.org\/index.php\/devenir-animateur\/#primaryimage\"},\"thumbnailUrl\":\"http:\/\/fresquedulivre.org\/wp-content\/uploads\/2024\/01\/4_Conception-editoriale-2-1-1024x945.png\",\"datePublished\":\"2024-01-09T14:57:24+00:00\",\"dateModified\":\"2026-03-11T15:03:41+00:00\",\"breadcrumb\":{\"@id\":\"https:\/\/fresquedulivre.org\/index.php\/devenir-animateur\/#breadcrumb\"},\"inLanguage\":\"fr-FR\",\"potentialAction\":[{\"@type\":\"ReadAction\",\"target\":[\"https:\/\/fresquedulivre.org\/index.php\/devenir-animateur\/\"]}]},{\"@type\":\"ImageObject\",\"inLanguage\":\"fr-FR\",\"@id\":\"https:\/\/fresquedulivre.org\/index.php\/devenir-animateur\/#primaryimage\",\"url\":\"http:\/\/fresquedulivre.org\/wp-content\/uploads\/2024\/01\/4_Conception-editoriale-2-1-1024x945.png\",\"contentUrl\":\"http:\/\/fresquedulivre.org\/wp-content\/uploads\/2024\/01\/4_Conception-editoriale-2-1-1024x945.png\"},{\"@type\":\"BreadcrumbList\",\"@id\":\"https:\/\/fresquedulivre.org\/index.php\/devenir-animateur\/#breadcrumb\",\"itemListElement\":[{\"@type\":\"ListItem\",\"position\":1,\"name\":\"Home\",\"item\":\"https:\/\/fresquedulivre.org\/\"},{\"@type\":\"ListItem\",\"position\":2,\"name\":\"Devenir animateur\u00b7ice\"}]},{\"@type\":\"WebSite\",\"@id\":\"https:\/\/fresquedulivre.org\/#website\",\"url\":\"https:\/\/fresquedulivre.org\/\",\"name\":\"La Fresque du Livre\",\"description\":\"\",\"publisher\":{\"@id\":\"https:\/\/fresquedulivre.org\/#organization\"},\"potentialAction\":[{\"@type\":\"SearchAction\",\"target\":{\"@type\":\"EntryPoint\",\"urlTemplate\":\"https:\/\/fresquedulivre.org\/?s={search_term_string}\"},\"query-input\":\"required name=search_term_string\"}],\"inLanguage\":\"fr-FR\"},{\"@type\":\"Organization\",\"@id\":\"https:\/\/fresquedulivre.org\/#organization\",\"name\":\"La Fresque du Livre\",\"url\":\"https:\/\/fresquedulivre.org\/\",\"logo\":{\"@type\":\"ImageObject\",\"inLanguage\":\"fr-FR\",\"@id\":\"https:\/\/fresquedulivre.org\/#\/schema\/logo\/image\/\",\"url\":\"https:\/\/fresquedulivre.org\/wp-content\/uploads\/2024\/01\/Logo-final_1.png\",\"contentUrl\":\"https:\/\/fresquedulivre.org\/wp-content\/uploads\/2024\/01\/Logo-final_1.png\",\"width\":949,\"height\":695,\"caption\":\"La Fresque du Livre\"},\"image\":{\"@id\":\"https:\/\/fresquedulivre.org\/#\/schema\/logo\/image\/\"},\"sameAs\":[\"https:\/\/www.linkedin.com\/company\/101128306\/admin\/feed\/posts\/\"]}]}<\/script>\n<!-- \/ Yoast SEO plugin. -->","yoast_head_json":{"title":"Devenir animateur\u00b7ice -","robots":{"index":"index","follow":"follow","max-snippet":"max-snippet:-1","max-image-preview":"max-image-preview:large","max-video-preview":"max-video-preview:-1"},"canonical":"https:\/\/fresquedulivre.org\/index.php\/devenir-animateur\/","og_locale":"fr_FR","og_type":"article","og_title":"Devenir animateur\u00b7ice -","og_description":"Objectifs Nous proposons une formation certifi\u00e9e Qualiopi pour devenir animateur\u00b7rice de la Fresque du Livre. Cette formation permet de ma\u00eetriser [&hellip;]","og_url":"https:\/\/fresquedulivre.org\/index.php\/devenir-animateur\/","article_modified_time":"2026-03-11T15:03:41+00:00","og_image":[{"url":"http:\/\/fresquedulivre.org\/wp-content\/uploads\/2024\/01\/4_Conception-editoriale-2-1-1024x945.png"}],"twitter_card":"summary_large_image","twitter_misc":{"Dur\u00e9e de lecture estim\u00e9e":"3 minutes"},"schema":{"@context":"https:\/\/schema.org","@graph":[{"@type":"WebPage","@id":"https:\/\/fresquedulivre.org\/index.php\/devenir-animateur\/","url":"https:\/\/fresquedulivre.org\/index.php\/devenir-animateur\/","name":"Devenir animateur\u00b7ice -","isPartOf":{"@id":"https:\/\/fresquedulivre.org\/#website"},"primaryImageOfPage":{"@id":"https:\/\/fresquedulivre.org\/index.php\/devenir-animateur\/#primaryimage"},"image":{"@id":"https:\/\/fresquedulivre.org\/index.php\/devenir-animateur\/#primaryimage"},"thumbnailUrl":"http:\/\/fresquedulivre.org\/wp-content\/uploads\/2024\/01\/4_Conception-editoriale-2-1-1024x945.png","datePublished":"2024-01-09T14:57:24+00:00","dateModified":"2026-03-11T15:03:41+00:00","breadcrumb":{"@id":"https:\/\/fresquedulivre.org\/index.php\/devenir-animateur\/#breadcrumb"},"inLanguage":"fr-FR","potentialAction":[{"@type":"ReadAction","target":["https:\/\/fresquedulivre.org\/index.php\/devenir-animateur\/"]}]},{"@type":"ImageObject","inLanguage":"fr-FR","@id":"https:\/\/fresquedulivre.org\/index.php\/devenir-animateur\/#primaryimage","url":"http:\/\/fresquedulivre.org\/wp-content\/uploads\/2024\/01\/4_Conception-editoriale-2-1-1024x945.png","contentUrl":"http:\/\/fresquedulivre.org\/wp-content\/uploads\/2024\/01\/4_Conception-editoriale-2-1-1024x945.png"},{"@type":"BreadcrumbList","@id":"https:\/\/fresquedulivre.org\/index.php\/devenir-animateur\/#breadcrumb","itemListElement":[{"@type":"ListItem","position":1,"name":"Home","item":"https:\/\/fresquedulivre.org\/"},{"@type":"ListItem","position":2,"name":"Devenir animateur\u00b7ice"}]},{"@type":"WebSite","@id":"https:\/\/fresquedulivre.org\/#website","url":"https:\/\/fresquedulivre.org\/","name":"La Fresque du Livre","description":"","publisher":{"@id":"https:\/\/fresquedulivre.org\/#organization"},"potentialAction":[{"@type":"SearchAction","target":{"@type":"EntryPoint","urlTemplate":"https:\/\/fresquedulivre.org\/?s={search_term_string}"},"query-input":"required name=search_term_string"}],"inLanguage":"fr-FR"},{"@type":"Organization","@id":"https:\/\/fresquedulivre.org\/#organization","name":"La Fresque du Livre","url":"https:\/\/fresquedulivre.org\/","logo":{"@type":"ImageObject","inLanguage":"fr-FR","@id":"https:\/\/fresquedulivre.org\/#\/schema\/logo\/image\/","url":"https:\/\/fresquedulivre.org\/wp-content\/uploads\/2024\/01\/Logo-final_1.png","contentUrl":"https:\/\/fresquedulivre.org\/wp-content\/uploads\/2024\/01\/Logo-final_1.png","width":949,"height":695,"caption":"La Fresque du Livre"},"image":{"@id":"https:\/\/fresquedulivre.org\/#\/schema\/logo\/image\/"},"sameAs":["https:\/\/www.linkedin.com\/company\/101128306\/admin\/feed\/posts\/"]}]}},"_links":{"self":[{"href":"https:\/\/fresquedulivre.org\/index.php\/wp-json\/wp\/v2\/pages\/252","targetHints":{"allow":["GET"]}}],"collection":[{"href":"https:\/\/fresquedulivre.org\/index.php\/wp-json\/wp\/v2\/pages"}],"about":[{"href":"https:\/\/fresquedulivre.org\/index.php\/wp-json\/wp\/v2\/types\/page"}],"author":[{"embeddable":true,"href":"https:\/\/fresquedulivre.org\/index.php\/wp-json\/wp\/v2\/users\/1"}],"replies":[{"embeddable":true,"href":"https:\/\/fresquedulivre.org\/index.php\/wp-json\/wp\/v2\/comments?post=252"}],"version-history":[{"count":50,"href":"https:\/\/fresquedulivre.org\/index.php\/wp-json\/wp\/v2\/pages\/252\/revisions"}],"predecessor-version":[{"id":685,"href":"https:\/\/fresquedulivre.org\/index.php\/wp-json\/wp\/v2\/pages\/252\/revisions\/685"}],"wp:attachment":[{"href":"https:\/\/fresquedulivre.org\/index.php\/wp-json\/wp\/v2\/media?parent=252"}],"curies":[{"name":"wp","href":"https:\/\/api.w.org\/{rel}","templated":true}]}}