{"id":256,"date":"2024-01-10T15:41:37","date_gmt":"2024-01-10T14:41:37","guid":{"rendered":"http:\/\/fresquedulivre.org\/?page_id=256"},"modified":"2026-03-11T15:57:28","modified_gmt":"2026-03-11T14:57:28","slug":"participez-a-l-atelier","status":"publish","type":"page","link":"https:\/\/fresquedulivre.org\/index.php\/participez-a-l-atelier\/","title":{"rendered":"Participez \u00e0 l&rsquo;atelier"},"content":{"rendered":"\n<div class=\"wp-block-cover alignfull\" style=\"padding-top:var(--wp--preset--spacing--70);padding-bottom:var(--wp--preset--spacing--70);min-height:200px;aspect-ratio:unset;\"><span aria-hidden=\"true\" class=\"wp-block-cover__background has-background-dim-100 has-background-dim\" style=\"background-color:#035063\"><\/span><div class=\"wp-block-cover__inner-container is-layout-constrained wp-block-cover-is-layout-constrained\">\n<h2 class=\"wp-block-heading alignwide has-text-align-center has-white-color has-text-color has-link-color has-large-font-size wp-elements-2f9e7721c9fb44398d8a587d733f98c1\" style=\"font-style:normal;font-weight:500\">Retrouvez ici toutes les informations utiles concernant le d\u00e9roulement d&rsquo;un atelier de la Fresque du Livre !<\/h2>\n<\/div><\/div>\n\n\n\n<div class=\"wp-block-columns alignwide .add-remove-bottom-space is-layout-flex wp-container-core-columns-is-layout-28f84493 wp-block-columns-is-layout-flex\">\n<div class=\"wp-block-column is-layout-flow wp-block-column-is-layout-flow\">\n<h2 class=\"wp-block-heading has-text-color has-link-color wp-elements-da9089be661aa4d22f5f14fecad3891b\" style=\"color:#035063;font-size:55px;line-height:1.2\">Comment \u00e7a fonctionne ?<\/h2>\n\n\n\n<p class=\"has-text-align-left\">Un atelier de la Fresque du Livre dure environ <strong>trois heures<\/strong>, pour des groupes de <strong>5 \u00e0 15 personnes<\/strong>. <br>L&rsquo;ensemble de l&rsquo;atelier est guid\u00e9 par un\u00b7e <a href=\"https:\/\/fresquedulivre.org\/index.php\/devenir-animateur\/\" target=\"_blank\" rel=\"noreferrer noopener\">animateur\u00b7ice<\/a> certifi\u00e9\u00b7e.<\/p>\n\n\n\n<p class=\"has-text-align-left\"><strong>Mat\u00e9riel n\u00e9cessaire : <\/strong><\/p>\n\n\n\n<ul class=\"wp-block-list\">\n<li>Un jeu de cartes de la Fresque du Livre<\/li>\n\n\n\n<li>Une (ou plusieurs) table(s) recouverte(s) d&rsquo;une nappe en papier, recycl\u00e9 si possible<\/li>\n\n\n\n<li>Scotch<\/li>\n\n\n\n<li>Crayons<\/li>\n\n\n\n<li>Gomme<\/li>\n\n\n\n<li>Feutres<\/li>\n\n\n\n<li>Post-its de trois couleurs diff\u00e9rentes<\/li>\n<\/ul>\n<\/div>\n<\/div>\n\n\n\n<h2 class=\"wp-block-heading has-text-color has-link-color wp-elements-b7608a2e97a9ab50ce70582aa9a77417\" style=\"color:#035063;font-size:55px;line-height:1.2\">D\u00e9roulement de l&rsquo;atelier<\/h2>\n\n\n\n<div class=\"wp-block-columns is-layout-flex wp-container-core-columns-is-layout-63d3099b wp-block-columns-is-layout-flex\" style=\"padding-top:var(--wp--preset--spacing--20);padding-bottom:0\">\n<div class=\"wp-block-column is-layout-flow wp-block-column-is-layout-flow\">\n<figure class=\"wp-block-image size-large\"><img loading=\"lazy\" decoding=\"async\" width=\"1024\" height=\"1024\" src=\"https:\/\/fresquedulivre.org\/wp-content\/uploads\/2024\/01\/picto-reflexion-1-1024x1024.png\" alt=\"\" class=\"wp-image-265\" srcset=\"https:\/\/fresquedulivre.org\/wp-content\/uploads\/2024\/01\/picto-reflexion-1-1024x1024.png 1024w, https:\/\/fresquedulivre.org\/wp-content\/uploads\/2024\/01\/picto-reflexion-1-300x300.png 300w, https:\/\/fresquedulivre.org\/wp-content\/uploads\/2024\/01\/picto-reflexion-1-150x150.png 150w, https:\/\/fresquedulivre.org\/wp-content\/uploads\/2024\/01\/picto-reflexion-1-768x768.png 768w, https:\/\/fresquedulivre.org\/wp-content\/uploads\/2024\/01\/picto-reflexion-1.png 1181w\" sizes=\"auto, (max-width: 1024px) 100vw, 1024px\" \/><\/figure>\n\n\n\n<h2 class=\"wp-block-heading\" style=\"text-transform:uppercase\">R\u00e9flexion &#8211; 1h30<\/h2>\n\n\n\n<p>Chaque groupe de participant\u00b7es re\u00e7oit un lot de cartes repr\u00e9sentant les diff\u00e9rents maillons de la cha\u00eene du livre. L\u2019objectif est de placer les cartes sur la table en fonction de leur position dans la cha\u00eene du livre. Lorsque toutes les cartes sont positionn\u00e9es, les participant\u00b7es doivent identifier les liens qui unissent les cartes.<\/p>\n<\/div>\n\n\n\n<div class=\"wp-block-column is-layout-flow wp-block-column-is-layout-flow\">\n<figure class=\"wp-block-image size-large\"><img loading=\"lazy\" decoding=\"async\" width=\"1024\" height=\"1024\" src=\"https:\/\/fresquedulivre.org\/wp-content\/uploads\/2024\/01\/picto-atelier-1-1024x1024.png\" alt=\"\" class=\"wp-image-266\" srcset=\"https:\/\/fresquedulivre.org\/wp-content\/uploads\/2024\/01\/picto-atelier-1-1024x1024.png 1024w, https:\/\/fresquedulivre.org\/wp-content\/uploads\/2024\/01\/picto-atelier-1-300x300.png 300w, https:\/\/fresquedulivre.org\/wp-content\/uploads\/2024\/01\/picto-atelier-1-150x150.png 150w, https:\/\/fresquedulivre.org\/wp-content\/uploads\/2024\/01\/picto-atelier-1-768x768.png 768w, https:\/\/fresquedulivre.org\/wp-content\/uploads\/2024\/01\/picto-atelier-1.png 1181w\" sizes=\"auto, (max-width: 1024px) 100vw, 1024px\" \/><\/figure>\n\n\n\n<h2 class=\"wp-block-heading\" style=\"text-transform:uppercase\">Atelier &#8211; 1h<\/h2>\n\n\n\n<p>Une fois la cha\u00eene du livre reconstitu\u00e9e, chaque groupe de participant\u00b7es d\u00e9termine des solutions \u00e0 mettre en place d\u2019apr\u00e8s son p\u00e9rim\u00e8tre d\u2019action. Ils classent ensuite les diff\u00e9rentes solutions selon leur efficacit\u00e9 et la facilit\u00e9 \u00e0 les d\u00e9ployer.<\/p>\n<\/div>\n\n\n\n<div class=\"wp-block-column is-layout-flow wp-block-column-is-layout-flow\">\n<figure class=\"wp-block-image size-large\"><img loading=\"lazy\" decoding=\"async\" width=\"1024\" height=\"1024\" src=\"https:\/\/fresquedulivre.org\/wp-content\/uploads\/2024\/01\/picto-debrief-1024x1024.png\" alt=\"\" class=\"wp-image-259\" srcset=\"https:\/\/fresquedulivre.org\/wp-content\/uploads\/2024\/01\/picto-debrief-1024x1024.png 1024w, https:\/\/fresquedulivre.org\/wp-content\/uploads\/2024\/01\/picto-debrief-300x300.png 300w, https:\/\/fresquedulivre.org\/wp-content\/uploads\/2024\/01\/picto-debrief-150x150.png 150w, https:\/\/fresquedulivre.org\/wp-content\/uploads\/2024\/01\/picto-debrief-768x768.png 768w, https:\/\/fresquedulivre.org\/wp-content\/uploads\/2024\/01\/picto-debrief.png 1181w\" sizes=\"auto, (max-width: 1024px) 100vw, 1024px\" \/><\/figure>\n\n\n\n<h2 class=\"wp-block-heading\" style=\"text-transform:uppercase\">D\u00e9brief &#8211; 30min<\/h2>\n\n\n\n<p>Lors de la derni\u00e8re \u00e9tape, chaque groupe pr\u00e9sente aux autres tables les leviers d\u2019action imagin\u00e9s. L\u2019animateur\u00b7ice enrichit les \u00e9changes de conseils afin que les participant\u00b7es puissent appliquer les solutions \u00e0 leur \u00e9chelle.<\/p>\n<\/div>\n<\/div>\n\n\n\n<div style=\"height:45px\" aria-hidden=\"true\" class=\"wp-block-spacer\"><\/div>\n\n\n\n<div class=\"wp-block-columns alignwide is-layout-flex wp-container-core-columns-is-layout-28f84493 wp-block-columns-is-layout-flex\">\n<div class=\"wp-block-column is-layout-flow wp-block-column-is-layout-flow\">\n<h2 class=\"wp-block-heading has-text-color has-link-color wp-elements-ccaace3fde31a12c16ab8eed367b7b19\" style=\"color:#035063;font-size:55px;line-height:1.2\">Informations pratiques<\/h2>\n\n\n\n<p>Vous n&rsquo;\u00eates pas en mesure de venir vers un atelier ou d&rsquo;accueillir un atelier, nous d\u00e9ployons aussi la Fresque du Livre en version num\u00e9rique !<br><br>Pour participer \u00e0 une Fresque du Livre ou organiser un atelier dans votre structure, contactez-nous !<\/p>\n<\/div>\n<\/div>\n\n\n\n<div style=\"height:45px\" aria-hidden=\"true\" class=\"wp-block-spacer\"><\/div>\n","protected":false},"excerpt":{"rendered":"<p>Comment \u00e7a fonctionne ? Un atelier de la Fresque du Livre dure environ trois heures, pour des groupes de 5 [&hellip;]<\/p>\n","protected":false},"author":1,"featured_media":0,"parent":0,"menu_order":0,"comment_status":"closed","ping_status":"closed","template":"","meta":{"site-sidebar-layout":"default","site-content-layout":"","ast-site-content-layout":"","site-content-style":"default","site-sidebar-style":"default","ast-global-header-display":"","ast-banner-title-visibility":"","ast-main-header-display":"","ast-hfb-above-header-display":"","ast-hfb-below-header-display":"","ast-hfb-mobile-header-display":"","site-post-title":"disabled","ast-breadcrumbs-content":"","ast-featured-img":"","footer-sml-layout":"","theme-transparent-header-meta":"","adv-header-id-meta":"","stick-header-meta":"","header-above-stick-meta":"","header-main-stick-meta":"","header-below-stick-meta":"","astra-migrate-meta-layouts":"default","ast-page-background-enabled":"default","ast-page-background-meta":{"desktop":{"background-color":"var(--ast-global-color-4)","background-image":"","background-repeat":"repeat","background-position":"center center","background-size":"auto","background-attachment":"scroll","background-type":"","background-media":"","overlay-type":"","overlay-color":"","overlay-gradient":""},"tablet":{"background-color":"","background-image":"","background-repeat":"repeat","background-position":"center center","background-size":"auto","background-attachment":"scroll","background-type":"","background-media":"","overlay-type":"","overlay-color":"","overlay-gradient":""},"mobile":{"background-color":"","background-image":"","background-repeat":"repeat","background-position":"center center","background-size":"auto","background-attachment":"scroll","background-type":"","background-media":"","overlay-type":"","overlay-color":"","overlay-gradient":""}},"ast-content-background-meta":{"desktop":{"background-color":"var(--ast-global-color-5)","background-image":"","background-repeat":"repeat","background-position":"center center","background-size":"auto","background-attachment":"scroll","background-type":"","background-media":"","overlay-type":"","overlay-color":"","overlay-gradient":""},"tablet":{"background-color":"var(--ast-global-color-5)","background-image":"","background-repeat":"repeat","background-position":"center center","background-size":"auto","background-attachment":"scroll","background-type":"","background-media":"","overlay-type":"","overlay-color":"","overlay-gradient":""},"mobile":{"background-color":"var(--ast-global-color-5)","background-image":"","background-repeat":"repeat","background-position":"center center","background-size":"auto","background-attachment":"scroll","background-type":"","background-media":"","overlay-type":"","overlay-color":"","overlay-gradient":""}},"footnotes":""},"class_list":["post-256","page","type-page","status-publish","hentry"],"yoast_head":"<!-- This site is optimized with the Yoast SEO plugin v22.6 - https:\/\/yoast.com\/wordpress\/plugins\/seo\/ -->\n<title>Participez \u00e0 l&#039;atelier -<\/title>\n<meta name=\"robots\" content=\"index, follow, max-snippet:-1, max-image-preview:large, max-video-preview:-1\" \/>\n<link rel=\"canonical\" href=\"https:\/\/fresquedulivre.org\/index.php\/participez-a-l-atelier\/\" \/>\n<meta property=\"og:locale\" content=\"fr_FR\" \/>\n<meta property=\"og:type\" content=\"article\" \/>\n<meta property=\"og:title\" content=\"Participez \u00e0 l&#039;atelier -\" \/>\n<meta property=\"og:description\" content=\"Comment \u00e7a fonctionne ? Un atelier de la Fresque du Livre dure environ trois heures, pour des groupes de 5 [&hellip;]\" \/>\n<meta property=\"og:url\" content=\"https:\/\/fresquedulivre.org\/index.php\/participez-a-l-atelier\/\" \/>\n<meta property=\"article:modified_time\" content=\"2026-03-11T14:57:28+00:00\" \/>\n<meta property=\"og:image\" content=\"https:\/\/fresquedulivre.org\/wp-content\/uploads\/2024\/01\/picto-reflexion-1-1024x1024.png\" \/>\n<meta name=\"twitter:card\" content=\"summary_large_image\" \/>\n<meta name=\"twitter:label1\" content=\"Dur\u00e9e de lecture estim\u00e9e\" \/>\n\t<meta name=\"twitter:data1\" content=\"2 minutes\" \/>\n<script type=\"application\/ld+json\" class=\"yoast-schema-graph\">{\"@context\":\"https:\/\/schema.org\",\"@graph\":[{\"@type\":\"WebPage\",\"@id\":\"https:\/\/fresquedulivre.org\/index.php\/participez-a-l-atelier\/\",\"url\":\"https:\/\/fresquedulivre.org\/index.php\/participez-a-l-atelier\/\",\"name\":\"Participez \u00e0 l'atelier -\",\"isPartOf\":{\"@id\":\"https:\/\/fresquedulivre.org\/#website\"},\"primaryImageOfPage\":{\"@id\":\"https:\/\/fresquedulivre.org\/index.php\/participez-a-l-atelier\/#primaryimage\"},\"image\":{\"@id\":\"https:\/\/fresquedulivre.org\/index.php\/participez-a-l-atelier\/#primaryimage\"},\"thumbnailUrl\":\"https:\/\/fresquedulivre.org\/wp-content\/uploads\/2024\/01\/picto-reflexion-1-1024x1024.png\",\"datePublished\":\"2024-01-10T14:41:37+00:00\",\"dateModified\":\"2026-03-11T14:57:28+00:00\",\"breadcrumb\":{\"@id\":\"https:\/\/fresquedulivre.org\/index.php\/participez-a-l-atelier\/#breadcrumb\"},\"inLanguage\":\"fr-FR\",\"potentialAction\":[{\"@type\":\"ReadAction\",\"target\":[\"https:\/\/fresquedulivre.org\/index.php\/participez-a-l-atelier\/\"]}]},{\"@type\":\"ImageObject\",\"inLanguage\":\"fr-FR\",\"@id\":\"https:\/\/fresquedulivre.org\/index.php\/participez-a-l-atelier\/#primaryimage\",\"url\":\"https:\/\/fresquedulivre.org\/wp-content\/uploads\/2024\/01\/picto-reflexion-1.png\",\"contentUrl\":\"https:\/\/fresquedulivre.org\/wp-content\/uploads\/2024\/01\/picto-reflexion-1.png\",\"width\":1181,\"height\":1181},{\"@type\":\"BreadcrumbList\",\"@id\":\"https:\/\/fresquedulivre.org\/index.php\/participez-a-l-atelier\/#breadcrumb\",\"itemListElement\":[{\"@type\":\"ListItem\",\"position\":1,\"name\":\"Home\",\"item\":\"https:\/\/fresquedulivre.org\/\"},{\"@type\":\"ListItem\",\"position\":2,\"name\":\"Participez \u00e0 l&rsquo;atelier\"}]},{\"@type\":\"WebSite\",\"@id\":\"https:\/\/fresquedulivre.org\/#website\",\"url\":\"https:\/\/fresquedulivre.org\/\",\"name\":\"La Fresque du Livre\",\"description\":\"\",\"publisher\":{\"@id\":\"https:\/\/fresquedulivre.org\/#organization\"},\"potentialAction\":[{\"@type\":\"SearchAction\",\"target\":{\"@type\":\"EntryPoint\",\"urlTemplate\":\"https:\/\/fresquedulivre.org\/?s={search_term_string}\"},\"query-input\":\"required name=search_term_string\"}],\"inLanguage\":\"fr-FR\"},{\"@type\":\"Organization\",\"@id\":\"https:\/\/fresquedulivre.org\/#organization\",\"name\":\"La Fresque du Livre\",\"url\":\"https:\/\/fresquedulivre.org\/\",\"logo\":{\"@type\":\"ImageObject\",\"inLanguage\":\"fr-FR\",\"@id\":\"https:\/\/fresquedulivre.org\/#\/schema\/logo\/image\/\",\"url\":\"https:\/\/fresquedulivre.org\/wp-content\/uploads\/2024\/01\/Logo-final_1.png\",\"contentUrl\":\"https:\/\/fresquedulivre.org\/wp-content\/uploads\/2024\/01\/Logo-final_1.png\",\"width\":949,\"height\":695,\"caption\":\"La Fresque du Livre\"},\"image\":{\"@id\":\"https:\/\/fresquedulivre.org\/#\/schema\/logo\/image\/\"},\"sameAs\":[\"https:\/\/www.linkedin.com\/company\/101128306\/admin\/feed\/posts\/\"]}]}<\/script>\n<!-- \/ Yoast SEO plugin. -->","yoast_head_json":{"title":"Participez \u00e0 l'atelier -","robots":{"index":"index","follow":"follow","max-snippet":"max-snippet:-1","max-image-preview":"max-image-preview:large","max-video-preview":"max-video-preview:-1"},"canonical":"https:\/\/fresquedulivre.org\/index.php\/participez-a-l-atelier\/","og_locale":"fr_FR","og_type":"article","og_title":"Participez \u00e0 l'atelier -","og_description":"Comment \u00e7a fonctionne ? Un atelier de la Fresque du Livre dure environ trois heures, pour des groupes de 5 [&hellip;]","og_url":"https:\/\/fresquedulivre.org\/index.php\/participez-a-l-atelier\/","article_modified_time":"2026-03-11T14:57:28+00:00","og_image":[{"url":"https:\/\/fresquedulivre.org\/wp-content\/uploads\/2024\/01\/picto-reflexion-1-1024x1024.png"}],"twitter_card":"summary_large_image","twitter_misc":{"Dur\u00e9e de lecture estim\u00e9e":"2 minutes"},"schema":{"@context":"https:\/\/schema.org","@graph":[{"@type":"WebPage","@id":"https:\/\/fresquedulivre.org\/index.php\/participez-a-l-atelier\/","url":"https:\/\/fresquedulivre.org\/index.php\/participez-a-l-atelier\/","name":"Participez \u00e0 l'atelier -","isPartOf":{"@id":"https:\/\/fresquedulivre.org\/#website"},"primaryImageOfPage":{"@id":"https:\/\/fresquedulivre.org\/index.php\/participez-a-l-atelier\/#primaryimage"},"image":{"@id":"https:\/\/fresquedulivre.org\/index.php\/participez-a-l-atelier\/#primaryimage"},"thumbnailUrl":"https:\/\/fresquedulivre.org\/wp-content\/uploads\/2024\/01\/picto-reflexion-1-1024x1024.png","datePublished":"2024-01-10T14:41:37+00:00","dateModified":"2026-03-11T14:57:28+00:00","breadcrumb":{"@id":"https:\/\/fresquedulivre.org\/index.php\/participez-a-l-atelier\/#breadcrumb"},"inLanguage":"fr-FR","potentialAction":[{"@type":"ReadAction","target":["https:\/\/fresquedulivre.org\/index.php\/participez-a-l-atelier\/"]}]},{"@type":"ImageObject","inLanguage":"fr-FR","@id":"https:\/\/fresquedulivre.org\/index.php\/participez-a-l-atelier\/#primaryimage","url":"https:\/\/fresquedulivre.org\/wp-content\/uploads\/2024\/01\/picto-reflexion-1.png","contentUrl":"https:\/\/fresquedulivre.org\/wp-content\/uploads\/2024\/01\/picto-reflexion-1.png","width":1181,"height":1181},{"@type":"BreadcrumbList","@id":"https:\/\/fresquedulivre.org\/index.php\/participez-a-l-atelier\/#breadcrumb","itemListElement":[{"@type":"ListItem","position":1,"name":"Home","item":"https:\/\/fresquedulivre.org\/"},{"@type":"ListItem","position":2,"name":"Participez \u00e0 l&rsquo;atelier"}]},{"@type":"WebSite","@id":"https:\/\/fresquedulivre.org\/#website","url":"https:\/\/fresquedulivre.org\/","name":"La Fresque du Livre","description":"","publisher":{"@id":"https:\/\/fresquedulivre.org\/#organization"},"potentialAction":[{"@type":"SearchAction","target":{"@type":"EntryPoint","urlTemplate":"https:\/\/fresquedulivre.org\/?s={search_term_string}"},"query-input":"required name=search_term_string"}],"inLanguage":"fr-FR"},{"@type":"Organization","@id":"https:\/\/fresquedulivre.org\/#organization","name":"La Fresque du Livre","url":"https:\/\/fresquedulivre.org\/","logo":{"@type":"ImageObject","inLanguage":"fr-FR","@id":"https:\/\/fresquedulivre.org\/#\/schema\/logo\/image\/","url":"https:\/\/fresquedulivre.org\/wp-content\/uploads\/2024\/01\/Logo-final_1.png","contentUrl":"https:\/\/fresquedulivre.org\/wp-content\/uploads\/2024\/01\/Logo-final_1.png","width":949,"height":695,"caption":"La Fresque du Livre"},"image":{"@id":"https:\/\/fresquedulivre.org\/#\/schema\/logo\/image\/"},"sameAs":["https:\/\/www.linkedin.com\/company\/101128306\/admin\/feed\/posts\/"]}]}},"_links":{"self":[{"href":"https:\/\/fresquedulivre.org\/index.php\/wp-json\/wp\/v2\/pages\/256","targetHints":{"allow":["GET"]}}],"collection":[{"href":"https:\/\/fresquedulivre.org\/index.php\/wp-json\/wp\/v2\/pages"}],"about":[{"href":"https:\/\/fresquedulivre.org\/index.php\/wp-json\/wp\/v2\/types\/page"}],"author":[{"embeddable":true,"href":"https:\/\/fresquedulivre.org\/index.php\/wp-json\/wp\/v2\/users\/1"}],"replies":[{"embeddable":true,"href":"https:\/\/fresquedulivre.org\/index.php\/wp-json\/wp\/v2\/comments?post=256"}],"version-history":[{"count":32,"href":"https:\/\/fresquedulivre.org\/index.php\/wp-json\/wp\/v2\/pages\/256\/revisions"}],"predecessor-version":[{"id":682,"href":"https:\/\/fresquedulivre.org\/index.php\/wp-json\/wp\/v2\/pages\/256\/revisions\/682"}],"wp:attachment":[{"href":"https:\/\/fresquedulivre.org\/index.php\/wp-json\/wp\/v2\/media?parent=256"}],"curies":[{"name":"wp","href":"https:\/\/api.w.org\/{rel}","templated":true}]}}