{"id":451,"date":"2025-12-22T16:45:39","date_gmt":"2025-12-22T15:45:39","guid":{"rendered":"https:\/\/fresquedulivre.org\/?page_id=451"},"modified":"2026-03-11T15:58:45","modified_gmt":"2026-03-11T14:58:45","slug":"developpements-internationaux","status":"publish","type":"page","link":"https:\/\/fresquedulivre.org\/index.php\/developpements-internationaux\/","title":{"rendered":"D\u00e9veloppements internationaux"},"content":{"rendered":"\n<div style=\"height:54px\" aria-hidden=\"true\" class=\"wp-block-spacer\"><\/div>\n\n\n\n<div class=\"wp-block-columns is-layout-flex wp-container-core-columns-is-layout-28f84493 wp-block-columns-is-layout-flex\">\n<div class=\"wp-block-column is-layout-flow wp-block-column-is-layout-flow\">\n<h2 class=\"wp-block-heading\" style=\"font-size:55px;line-height:1.2\">The Book Fresk<\/h2>\n\n\n\n<p>Created in 2023, the Book Fresk is an interactive workshop, led by a <a href=\"https:\/\/fresquedulivre.org\/index.php\/devenir-animateur\/\" target=\"_blank\" rel=\"noreferrer noopener\">certified facilitator<\/a>, combining a card game and group discussions to understand the environmental issues across the book chain and discover ways to act for a more sustainable industry. The workshop is based on the latest sector data and welcomes publishing and book industry professionals, students, readers, and professionals from other fields.<br><br>Since 2025, the Book Fresk has been available in English, featuring a full set of translated cards and facilitators trained to lead the workshops in English.<\/p>\n<\/div>\n\n\n\n<div class=\"wp-block-column is-layout-flow wp-block-column-is-layout-flow\">\n<figure class=\"wp-block-image aligncenter size-full is-resized\"><img loading=\"lazy\" decoding=\"async\" width=\"632\" height=\"463\" src=\"https:\/\/fresquedulivre.org\/wp-content\/uploads\/2025\/12\/Logo_en-1.jpg\" alt=\"\" class=\"wp-image-471\" style=\"width:260px\" srcset=\"https:\/\/fresquedulivre.org\/wp-content\/uploads\/2025\/12\/Logo_en-1.jpg 632w, https:\/\/fresquedulivre.org\/wp-content\/uploads\/2025\/12\/Logo_en-1-300x220.jpg 300w\" sizes=\"auto, (max-width: 632px) 100vw, 632px\" \/><\/figure>\n<\/div>\n<\/div>\n\n\n\n<div style=\"height:52px\" aria-hidden=\"true\" class=\"wp-block-spacer\"><\/div>\n\n\n\n<div class=\"wp-block-columns is-layout-flex wp-container-core-columns-is-layout-28f84493 wp-block-columns-is-layout-flex\">\n<div class=\"wp-block-column is-layout-flow wp-block-column-is-layout-flow\" style=\"flex-basis:66.66%\">\n<figure class=\"wp-block-image aligncenter size-full is-resized\"><img loading=\"lazy\" decoding=\"async\" width=\"825\" height=\"775\" src=\"https:\/\/fresquedulivre.org\/wp-content\/uploads\/2025\/12\/Edition-internationale.jpg\" alt=\"\" class=\"wp-image-570\" style=\"width:276px\" srcset=\"https:\/\/fresquedulivre.org\/wp-content\/uploads\/2025\/12\/Edition-internationale.jpg 825w, https:\/\/fresquedulivre.org\/wp-content\/uploads\/2025\/12\/Edition-internationale-300x282.jpg 300w, https:\/\/fresquedulivre.org\/wp-content\/uploads\/2025\/12\/Edition-internationale-768x721.jpg 768w\" sizes=\"auto, (max-width: 825px) 100vw, 825px\" \/><\/figure>\n<\/div>\n\n\n\n<div class=\"wp-block-column is-layout-flow wp-block-column-is-layout-flow\" style=\"flex-basis:100%\">\n<h2 class=\"wp-block-heading\" style=\"font-size:55px;line-height:1.2\">Pourquoi une fresque internationale ?<\/h2>\n\n\n\n<p>Les enjeux de la crise climatique \u00e9tant mondiaux, il est essentiel de d\u00e9ployer la Fresque du Livre \u00e0 l\u2019international. La cha\u00eene du livre \u00e9tant par essence internationale, les r\u00e9flexions et les actions men\u00e9es doivent s\u2019inscrire \u00e0 cette \u00e9chelle. Ce d\u00e9ploiement permet de sensibiliser un plus grand nombre de secteurs et de pays, et de mobiliser collectivement les acteurs du livre pour construire une cha\u00eene du livre plus durable \u00e0 l\u2019\u00e9chelle mondiale.<\/p>\n\n\n\n<p><em>As the climate crisis is global, it is essential to deploy the Book Fresk internationally. Since the book supply chain is inherently international, reflections and actions must be carried out on a global scale. This international deployment makes it possible to raise awareness across more sectors and countries, and to collectively mobilize book industry professionnals to build a more sustainable global book supply chain.<\/em><\/p>\n<\/div>\n<\/div>\n\n\n\n<div style=\"height:52px\" aria-hidden=\"true\" class=\"wp-block-spacer\"><\/div>\n\n\n\n<div class=\"wp-block-columns alignwide is-layout-flex wp-container-core-columns-is-layout-28f84493 wp-block-columns-is-layout-flex\">\n<div class=\"wp-block-column is-layout-flow wp-block-column-is-layout-flow\" style=\"flex-basis:50%\">\n<h2 class=\"wp-block-heading\" style=\"font-size:55px;line-height:1.2\">Projets en cours<\/h2>\n\n\n\n<div class=\"wp-block-group is-nowrap is-layout-flex wp-container-core-group-is-layout-6c531013 wp-block-group-is-layout-flex\">\n<ul class=\"wp-block-list\">\n<li>La Fresque en anglais a pour projet de s&rsquo;exporter en Inde, elle y est pr\u00e9sent\u00e9e pour la premi\u00e8re fois lors de la foire de New Delhi en janvier 2026 ! <\/li>\n\n\n\n<li>Des discussions sont en cours avec des structures polonaises pour adapter et traduire pour la Pologne ! <\/li>\n\n\n\n<li>La Fresque est actuellement en train d&rsquo;\u00eatre traduite et adapt\u00e9e \u00e0 la chaine du livre allemande et sera disponible dans cette version d&rsquo;ici l&rsquo;automne 2026 !<\/li>\n<\/ul>\n<\/div>\n<\/div>\n\n\n\n<div class=\"wp-block-column is-layout-flow wp-block-column-is-layout-flow\" style=\"flex-basis:50%\">\n<figure class=\"wp-block-image aligncenter size-full is-resized\"><img loading=\"lazy\" decoding=\"async\" width=\"823\" height=\"783\" src=\"https:\/\/fresquedulivre.org\/wp-content\/uploads\/2025\/12\/Projet-editorial.jpg\" alt=\"\" class=\"wp-image-571\" style=\"width:276px;height:auto\" srcset=\"https:\/\/fresquedulivre.org\/wp-content\/uploads\/2025\/12\/Projet-editorial.jpg 823w, https:\/\/fresquedulivre.org\/wp-content\/uploads\/2025\/12\/Projet-editorial-300x285.jpg 300w, https:\/\/fresquedulivre.org\/wp-content\/uploads\/2025\/12\/Projet-editorial-768x731.jpg 768w\" sizes=\"auto, (max-width: 823px) 100vw, 823px\" \/><\/figure>\n<\/div>\n<\/div>\n\n\n\n<div style=\"height:52px\" aria-hidden=\"true\" class=\"wp-block-spacer\"><\/div>\n\n\n\n<div class=\"wp-block-columns alignwide is-layout-flex wp-container-core-columns-is-layout-28f84493 wp-block-columns-is-layout-flex\">\n<div class=\"wp-block-column is-layout-flow wp-block-column-is-layout-flow\" style=\"flex-basis:50%\">\n<h2 class=\"wp-block-heading\" style=\"font-size:55px;line-height:1.2\">Comment adapter la fresque \u00e0 un nouveau pays ?<\/h2>\n\n\n\n<p>Les cartes de la Fresque du Livre ont \u00e9t\u00e9 traduites en anglais pour permettre \u00e0 un public plus large de se les approprier. Cependant, les chiffres, exemples et enjeux pr\u00e9sent\u00e9s restent bas\u00e9s sur le contexte fran\u00e7ais. Pour en tirer le maximum, il est n\u00e9cessaire d\u2019adapter les donn\u00e9es \u00e0 chaque pays. Si vous souhaitez collaborer avec nous pour adapter \u00e0 un pays sp\u00e9cifique, nous serions ravis de devenir partenaires ! <\/p>\n\n\n\n<p><em>The Book Fresk cards have been translated into English to make them accessible to a wider audience. However, the data, examples, and issues presented are still based on the French book industry. To make the most of the workshop, the data should be adapted to each country. If you would like to collaborate with us on an adaptation, we would be delighted to become partners<\/em> ! <\/p>\n<\/div>\n\n\n\n<div class=\"wp-block-column is-layout-flow wp-block-column-is-layout-flow\" style=\"flex-basis:50%\">\n<div style=\"height:72px\" aria-hidden=\"true\" class=\"wp-block-spacer\"><\/div>\n\n\n\n<figure class=\"wp-block-image aligncenter size-large is-resized\"><img loading=\"lazy\" decoding=\"async\" width=\"1024\" height=\"518\" src=\"https:\/\/fresquedulivre.org\/wp-content\/uploads\/2025\/12\/Coedition_en-1024x518.jpg\" alt=\"\" class=\"wp-image-572\" style=\"aspect-ratio:1.9769382206806037;width:468px;height:auto\" srcset=\"https:\/\/fresquedulivre.org\/wp-content\/uploads\/2025\/12\/Coedition_en-1024x518.jpg 1024w, https:\/\/fresquedulivre.org\/wp-content\/uploads\/2025\/12\/Coedition_en-300x152.jpg 300w, https:\/\/fresquedulivre.org\/wp-content\/uploads\/2025\/12\/Coedition_en-768x389.jpg 768w, https:\/\/fresquedulivre.org\/wp-content\/uploads\/2025\/12\/Coedition_en-1536x777.jpg 1536w, https:\/\/fresquedulivre.org\/wp-content\/uploads\/2025\/12\/Coedition_en.jpg 1876w\" sizes=\"auto, (max-width: 1024px) 100vw, 1024px\" \/><\/figure>\n<\/div>\n<\/div>\n\n\n\n<div style=\"height:52px\" aria-hidden=\"true\" class=\"wp-block-spacer\"><\/div>\n","protected":false},"excerpt":{"rendered":"<p>The Book Fresk Created in 2023, the Book Fresk is an interactive workshop, led by a certified facilitator, combining a [&hellip;]<\/p>\n","protected":false},"author":1,"featured_media":0,"parent":0,"menu_order":0,"comment_status":"closed","ping_status":"closed","template":"","meta":{"site-sidebar-layout":"default","site-content-layout":"","ast-site-content-layout":"","site-content-style":"default","site-sidebar-style":"default","ast-global-header-display":"","ast-banner-title-visibility":"","ast-main-header-display":"","ast-hfb-above-header-display":"","ast-hfb-below-header-display":"","ast-hfb-mobile-header-display":"","site-post-title":"disabled","ast-breadcrumbs-content":"","ast-featured-img":"","footer-sml-layout":"","theme-transparent-header-meta":"","adv-header-id-meta":"","stick-header-meta":"","header-above-stick-meta":"","header-main-stick-meta":"","header-below-stick-meta":"","astra-migrate-meta-layouts":"default","ast-page-background-enabled":"default","ast-page-background-meta":{"desktop":{"background-color":"var(--ast-global-color-4)","background-image":"","background-repeat":"repeat","background-position":"center center","background-size":"auto","background-attachment":"scroll","background-type":"","background-media":"","overlay-type":"","overlay-color":"","overlay-gradient":""},"tablet":{"background-color":"","background-image":"","background-repeat":"repeat","background-position":"center center","background-size":"auto","background-attachment":"scroll","background-type":"","background-media":"","overlay-type":"","overlay-color":"","overlay-gradient":""},"mobile":{"background-color":"","background-image":"","background-repeat":"repeat","background-position":"center center","background-size":"auto","background-attachment":"scroll","background-type":"","background-media":"","overlay-type":"","overlay-color":"","overlay-gradient":""}},"ast-content-background-meta":{"desktop":{"background-color":"var(--ast-global-color-5)","background-image":"","background-repeat":"repeat","background-position":"center center","background-size":"auto","background-attachment":"scroll","background-type":"","background-media":"","overlay-type":"","overlay-color":"","overlay-gradient":""},"tablet":{"background-color":"var(--ast-global-color-5)","background-image":"","background-repeat":"repeat","background-position":"center center","background-size":"auto","background-attachment":"scroll","background-type":"","background-media":"","overlay-type":"","overlay-color":"","overlay-gradient":""},"mobile":{"background-color":"var(--ast-global-color-5)","background-image":"","background-repeat":"repeat","background-position":"center center","background-size":"auto","background-attachment":"scroll","background-type":"","background-media":"","overlay-type":"","overlay-color":"","overlay-gradient":""}},"footnotes":""},"class_list":["post-451","page","type-page","status-publish","hentry"],"yoast_head":"<!-- This site is optimized with the Yoast SEO plugin v22.6 - https:\/\/yoast.com\/wordpress\/plugins\/seo\/ -->\n<title>D\u00e9veloppements internationaux -<\/title>\n<meta name=\"robots\" content=\"index, follow, max-snippet:-1, max-image-preview:large, max-video-preview:-1\" \/>\n<link rel=\"canonical\" href=\"https:\/\/fresquedulivre.org\/index.php\/developpements-internationaux\/\" \/>\n<meta property=\"og:locale\" content=\"fr_FR\" \/>\n<meta property=\"og:type\" content=\"article\" \/>\n<meta property=\"og:title\" content=\"D\u00e9veloppements internationaux -\" \/>\n<meta property=\"og:description\" content=\"The Book Fresk Created in 2023, the Book Fresk is an interactive workshop, led by a certified facilitator, combining a [&hellip;]\" \/>\n<meta property=\"og:url\" content=\"https:\/\/fresquedulivre.org\/index.php\/developpements-internationaux\/\" \/>\n<meta property=\"article:modified_time\" content=\"2026-03-11T14:58:45+00:00\" \/>\n<meta property=\"og:image\" content=\"https:\/\/fresquedulivre.org\/wp-content\/uploads\/2025\/12\/Logo_en-1.jpg\" \/>\n<meta name=\"twitter:card\" content=\"summary_large_image\" \/>\n<meta name=\"twitter:label1\" content=\"Dur\u00e9e de lecture estim\u00e9e\" \/>\n\t<meta name=\"twitter:data1\" content=\"4 minutes\" \/>\n<script type=\"application\/ld+json\" class=\"yoast-schema-graph\">{\"@context\":\"https:\/\/schema.org\",\"@graph\":[{\"@type\":\"WebPage\",\"@id\":\"https:\/\/fresquedulivre.org\/index.php\/developpements-internationaux\/\",\"url\":\"https:\/\/fresquedulivre.org\/index.php\/developpements-internationaux\/\",\"name\":\"D\u00e9veloppements internationaux -\",\"isPartOf\":{\"@id\":\"https:\/\/fresquedulivre.org\/#website\"},\"primaryImageOfPage\":{\"@id\":\"https:\/\/fresquedulivre.org\/index.php\/developpements-internationaux\/#primaryimage\"},\"image\":{\"@id\":\"https:\/\/fresquedulivre.org\/index.php\/developpements-internationaux\/#primaryimage\"},\"thumbnailUrl\":\"https:\/\/fresquedulivre.org\/wp-content\/uploads\/2025\/12\/Logo_en-1.jpg\",\"datePublished\":\"2025-12-22T15:45:39+00:00\",\"dateModified\":\"2026-03-11T14:58:45+00:00\",\"breadcrumb\":{\"@id\":\"https:\/\/fresquedulivre.org\/index.php\/developpements-internationaux\/#breadcrumb\"},\"inLanguage\":\"fr-FR\",\"potentialAction\":[{\"@type\":\"ReadAction\",\"target\":[\"https:\/\/fresquedulivre.org\/index.php\/developpements-internationaux\/\"]}]},{\"@type\":\"ImageObject\",\"inLanguage\":\"fr-FR\",\"@id\":\"https:\/\/fresquedulivre.org\/index.php\/developpements-internationaux\/#primaryimage\",\"url\":\"https:\/\/fresquedulivre.org\/wp-content\/uploads\/2025\/12\/Logo_en-1.jpg\",\"contentUrl\":\"https:\/\/fresquedulivre.org\/wp-content\/uploads\/2025\/12\/Logo_en-1.jpg\",\"width\":632,\"height\":463},{\"@type\":\"BreadcrumbList\",\"@id\":\"https:\/\/fresquedulivre.org\/index.php\/developpements-internationaux\/#breadcrumb\",\"itemListElement\":[{\"@type\":\"ListItem\",\"position\":1,\"name\":\"Home\",\"item\":\"https:\/\/fresquedulivre.org\/\"},{\"@type\":\"ListItem\",\"position\":2,\"name\":\"D\u00e9veloppements internationaux\"}]},{\"@type\":\"WebSite\",\"@id\":\"https:\/\/fresquedulivre.org\/#website\",\"url\":\"https:\/\/fresquedulivre.org\/\",\"name\":\"La Fresque du Livre\",\"description\":\"\",\"publisher\":{\"@id\":\"https:\/\/fresquedulivre.org\/#organization\"},\"potentialAction\":[{\"@type\":\"SearchAction\",\"target\":{\"@type\":\"EntryPoint\",\"urlTemplate\":\"https:\/\/fresquedulivre.org\/?s={search_term_string}\"},\"query-input\":\"required name=search_term_string\"}],\"inLanguage\":\"fr-FR\"},{\"@type\":\"Organization\",\"@id\":\"https:\/\/fresquedulivre.org\/#organization\",\"name\":\"La Fresque du Livre\",\"url\":\"https:\/\/fresquedulivre.org\/\",\"logo\":{\"@type\":\"ImageObject\",\"inLanguage\":\"fr-FR\",\"@id\":\"https:\/\/fresquedulivre.org\/#\/schema\/logo\/image\/\",\"url\":\"https:\/\/fresquedulivre.org\/wp-content\/uploads\/2024\/01\/Logo-final_1.png\",\"contentUrl\":\"https:\/\/fresquedulivre.org\/wp-content\/uploads\/2024\/01\/Logo-final_1.png\",\"width\":949,\"height\":695,\"caption\":\"La Fresque du Livre\"},\"image\":{\"@id\":\"https:\/\/fresquedulivre.org\/#\/schema\/logo\/image\/\"},\"sameAs\":[\"https:\/\/www.linkedin.com\/company\/101128306\/admin\/feed\/posts\/\"]}]}<\/script>\n<!-- \/ Yoast SEO plugin. -->","yoast_head_json":{"title":"D\u00e9veloppements internationaux -","robots":{"index":"index","follow":"follow","max-snippet":"max-snippet:-1","max-image-preview":"max-image-preview:large","max-video-preview":"max-video-preview:-1"},"canonical":"https:\/\/fresquedulivre.org\/index.php\/developpements-internationaux\/","og_locale":"fr_FR","og_type":"article","og_title":"D\u00e9veloppements internationaux -","og_description":"The Book Fresk Created in 2023, the Book Fresk is an interactive workshop, led by a certified facilitator, combining a [&hellip;]","og_url":"https:\/\/fresquedulivre.org\/index.php\/developpements-internationaux\/","article_modified_time":"2026-03-11T14:58:45+00:00","og_image":[{"url":"https:\/\/fresquedulivre.org\/wp-content\/uploads\/2025\/12\/Logo_en-1.jpg"}],"twitter_card":"summary_large_image","twitter_misc":{"Dur\u00e9e de lecture estim\u00e9e":"4 minutes"},"schema":{"@context":"https:\/\/schema.org","@graph":[{"@type":"WebPage","@id":"https:\/\/fresquedulivre.org\/index.php\/developpements-internationaux\/","url":"https:\/\/fresquedulivre.org\/index.php\/developpements-internationaux\/","name":"D\u00e9veloppements internationaux -","isPartOf":{"@id":"https:\/\/fresquedulivre.org\/#website"},"primaryImageOfPage":{"@id":"https:\/\/fresquedulivre.org\/index.php\/developpements-internationaux\/#primaryimage"},"image":{"@id":"https:\/\/fresquedulivre.org\/index.php\/developpements-internationaux\/#primaryimage"},"thumbnailUrl":"https:\/\/fresquedulivre.org\/wp-content\/uploads\/2025\/12\/Logo_en-1.jpg","datePublished":"2025-12-22T15:45:39+00:00","dateModified":"2026-03-11T14:58:45+00:00","breadcrumb":{"@id":"https:\/\/fresquedulivre.org\/index.php\/developpements-internationaux\/#breadcrumb"},"inLanguage":"fr-FR","potentialAction":[{"@type":"ReadAction","target":["https:\/\/fresquedulivre.org\/index.php\/developpements-internationaux\/"]}]},{"@type":"ImageObject","inLanguage":"fr-FR","@id":"https:\/\/fresquedulivre.org\/index.php\/developpements-internationaux\/#primaryimage","url":"https:\/\/fresquedulivre.org\/wp-content\/uploads\/2025\/12\/Logo_en-1.jpg","contentUrl":"https:\/\/fresquedulivre.org\/wp-content\/uploads\/2025\/12\/Logo_en-1.jpg","width":632,"height":463},{"@type":"BreadcrumbList","@id":"https:\/\/fresquedulivre.org\/index.php\/developpements-internationaux\/#breadcrumb","itemListElement":[{"@type":"ListItem","position":1,"name":"Home","item":"https:\/\/fresquedulivre.org\/"},{"@type":"ListItem","position":2,"name":"D\u00e9veloppements internationaux"}]},{"@type":"WebSite","@id":"https:\/\/fresquedulivre.org\/#website","url":"https:\/\/fresquedulivre.org\/","name":"La Fresque du Livre","description":"","publisher":{"@id":"https:\/\/fresquedulivre.org\/#organization"},"potentialAction":[{"@type":"SearchAction","target":{"@type":"EntryPoint","urlTemplate":"https:\/\/fresquedulivre.org\/?s={search_term_string}"},"query-input":"required name=search_term_string"}],"inLanguage":"fr-FR"},{"@type":"Organization","@id":"https:\/\/fresquedulivre.org\/#organization","name":"La Fresque du Livre","url":"https:\/\/fresquedulivre.org\/","logo":{"@type":"ImageObject","inLanguage":"fr-FR","@id":"https:\/\/fresquedulivre.org\/#\/schema\/logo\/image\/","url":"https:\/\/fresquedulivre.org\/wp-content\/uploads\/2024\/01\/Logo-final_1.png","contentUrl":"https:\/\/fresquedulivre.org\/wp-content\/uploads\/2024\/01\/Logo-final_1.png","width":949,"height":695,"caption":"La Fresque du Livre"},"image":{"@id":"https:\/\/fresquedulivre.org\/#\/schema\/logo\/image\/"},"sameAs":["https:\/\/www.linkedin.com\/company\/101128306\/admin\/feed\/posts\/"]}]}},"_links":{"self":[{"href":"https:\/\/fresquedulivre.org\/index.php\/wp-json\/wp\/v2\/pages\/451","targetHints":{"allow":["GET"]}}],"collection":[{"href":"https:\/\/fresquedulivre.org\/index.php\/wp-json\/wp\/v2\/pages"}],"about":[{"href":"https:\/\/fresquedulivre.org\/index.php\/wp-json\/wp\/v2\/types\/page"}],"author":[{"embeddable":true,"href":"https:\/\/fresquedulivre.org\/index.php\/wp-json\/wp\/v2\/users\/1"}],"replies":[{"embeddable":true,"href":"https:\/\/fresquedulivre.org\/index.php\/wp-json\/wp\/v2\/comments?post=451"}],"version-history":[{"count":56,"href":"https:\/\/fresquedulivre.org\/index.php\/wp-json\/wp\/v2\/pages\/451\/revisions"}],"predecessor-version":[{"id":683,"href":"https:\/\/fresquedulivre.org\/index.php\/wp-json\/wp\/v2\/pages\/451\/revisions\/683"}],"wp:attachment":[{"href":"https:\/\/fresquedulivre.org\/index.php\/wp-json\/wp\/v2\/media?parent=451"}],"curies":[{"name":"wp","href":"https:\/\/api.w.org\/{rel}","templated":true}]}}